{"id":4384,"date":"2022-05-27T09:02:23","date_gmt":"2022-05-27T09:02:23","guid":{"rendered":"https:\/\/webszinhaz.eazy.rocks\/imprint\/"},"modified":"2026-04-15T15:28:16","modified_gmt":"2026-04-15T15:28:16","slug":"imprint","status":"publish","type":"page","link":"https:\/\/webszinhaz.com\/en\/imprint\/","title":{"rendered":"Imprint"},"content":{"rendered":"\t\t<div data-elementor-type=\"wp-page\" data-elementor-id=\"4384\" class=\"elementor elementor-4384 elementor-2621\" data-elementor-post-type=\"page\">\n\t\t\t\t\t\t<section class=\"elementor-section elementor-top-section elementor-element elementor-element-dadea27 elementor-section-boxed elementor-section-height-default elementor-section-height-default\" data-id=\"dadea27\" data-element_type=\"section\" data-e-type=\"section\">\n\t\t\t\t\t\t<div class=\"elementor-container elementor-column-gap-default\">\n\t\t\t\t\t<div class=\"elementor-column elementor-col-100 elementor-top-column elementor-element elementor-element-4b8d2ce\" data-id=\"4b8d2ce\" data-element_type=\"column\" data-e-type=\"column\">\n\t\t\t<div class=\"elementor-widget-wrap elementor-element-populated\">\n\t\t\t\t\t\t<div class=\"elementor-element elementor-element-f663e84 elementor-widget elementor-widget-heading\" data-id=\"f663e84\" data-element_type=\"widget\" data-e-type=\"widget\" data-widget_type=\"heading.default\">\n\t\t\t\t<div class=\"elementor-widget-container\">\n\t\t\t\t\t<h2 class=\"elementor-heading-title elementor-size-default\">Imprint<\/h2>\t\t\t\t<\/div>\n\t\t\t\t<\/div>\n\t\t\t\t<div class=\"elementor-element elementor-element-d0db888 elementor-widget elementor-widget-spacer\" data-id=\"d0db888\" data-element_type=\"widget\" data-e-type=\"widget\" data-widget_type=\"spacer.default\">\n\t\t\t\t<div class=\"elementor-widget-container\">\n\t\t\t\t\t\t\t<div class=\"elementor-spacer\">\n\t\t\t<div class=\"elementor-spacer-inner\"><\/div>\n\t\t<\/div>\n\t\t\t\t\t\t<\/div>\n\t\t\t\t<\/div>\n\t\t\t\t\t<\/div>\n\t\t<\/div>\n\t\t\t\t\t<\/div>\n\t\t<\/section>\n\t\t\t\t<section class=\"elementor-section elementor-top-section elementor-element elementor-element-322ae30b elementor-section-boxed elementor-section-height-default elementor-section-height-default\" data-id=\"322ae30b\" data-element_type=\"section\" data-e-type=\"section\">\n\t\t\t\t\t\t<div class=\"elementor-container elementor-column-gap-default\">\n\t\t\t\t\t<div class=\"elementor-column elementor-col-100 elementor-top-column elementor-element elementor-element-5c1c22d7\" data-id=\"5c1c22d7\" data-element_type=\"column\" data-e-type=\"column\">\n\t\t\t<div class=\"elementor-widget-wrap elementor-element-populated\">\n\t\t\t\t\t\t<div class=\"elementor-element elementor-element-4f7803ed elementor-widget elementor-widget-text-editor\" data-id=\"4f7803ed\" data-element_type=\"widget\" data-e-type=\"widget\" data-widget_type=\"text-editor.default\">\n\t\t\t\t<div class=\"elementor-widget-container\">\n\t\t\t\t\t\t\t\t\t<p>Webszinhaz.com is operated by the English Language Theatre Public Benefit Foundation.<\/p>\n<p>Head office: 1025 Budapest, Kavics u. 17\/a<\/p>\n<p>Tax number: 19651628-2-41<\/p>\n<p>Company registration number: 00 19 651628<\/p>\n<p>Court registration number: 01-01-0000848<\/p>\n<p>Chairman of the Board of Trustees: Mag\u00e1cs L\u00e1szl\u00f3<\/p>\n\t\t\t\t\t\t\t\t<\/div>\n\t\t\t\t<\/div>\n\t\t\t\t<div class=\"elementor-element elementor-element-6faab7e elementor-widget elementor-widget-spacer\" data-id=\"6faab7e\" data-element_type=\"widget\" data-e-type=\"widget\" data-widget_type=\"spacer.default\">\n\t\t\t\t<div class=\"elementor-widget-container\">\n\t\t\t\t\t\t\t<div class=\"elementor-spacer\">\n\t\t\t<div class=\"elementor-spacer-inner\"><\/div>\n\t\t<\/div>\n\t\t\t\t\t\t<\/div>\n\t\t\t\t<\/div>\n\t\t\t\t\t<\/div>\n\t\t<\/div>\n\t\t\t\t\t<\/div>\n\t\t<\/section>\n\t\t\t\t<\/div>\n\t\t","protected":false},"excerpt":{"rendered":"<p>Imprint Webszinhaz.com is operated by the English Language Theatre Public Benefit Foundation. Head office: 1025 Budapest, Kavics u. 17\/a Tax number: 19651628-2-41 Company registration number: 00 19 651628 Court registration number: 01-01-0000848 Chairman of the Board of Trustees: Mag\u00e1cs L\u00e1szl\u00f3<\/p>\n","protected":false},"author":1,"featured_media":0,"parent":0,"menu_order":0,"comment_status":"closed","ping_status":"closed","template":"","meta":{"_acf_changed":false,"footnotes":""},"categories":[],"tags":[],"class_list":["post-4384","page","type-page","status-publish","hentry"],"acf":[],"yoast_head":"<!-- This site is optimized with the Yoast SEO Premium plugin v27.4 (Yoast SEO v27.4) - https:\/\/yoast.com\/product\/yoast-seo-premium-wordpress\/ -->\n<title>Imprint - Webszinh\u00e1z<\/title>\n<meta name=\"robots\" content=\"index, follow, max-snippet:-1, max-image-preview:large, max-video-preview:-1\" \/>\n<link rel=\"canonical\" href=\"https:\/\/webszinhaz.com\/en\/imprint\/\" \/>\n<meta property=\"og:locale\" content=\"en_US\" \/>\n<meta property=\"og:type\" content=\"article\" \/>\n<meta property=\"og:title\" content=\"Imprint\" \/>\n<meta property=\"og:description\" content=\"Imprint Webszinhaz.com is operated by the English Language Theatre Public Benefit Foundation. Head office: 1025 Budapest, Kavics u. 17\/a Tax number: 19651628-2-41 Company registration number: 00 19 651628 Court registration number: 01-01-0000848 Chairman of the Board of Trustees: Mag\u00e1cs L\u00e1szl\u00f3\" \/>\n<meta property=\"og:url\" content=\"https:\/\/webszinhaz.com\/en\/imprint\/\" \/>\n<meta property=\"og:site_name\" content=\"Webszinh\u00e1z\" \/>\n<meta property=\"article:modified_time\" content=\"2026-04-15T15:28:16+00:00\" \/>\n<meta name=\"twitter:card\" content=\"summary_large_image\" \/>\n<script type=\"application\/ld+json\" class=\"yoast-schema-graph\">{\"@context\":\"https:\\\/\\\/schema.org\",\"@graph\":[{\"@type\":\"WebPage\",\"@id\":\"https:\\\/\\\/webszinhaz.com\\\/en\\\/imprint\\\/\",\"url\":\"https:\\\/\\\/webszinhaz.com\\\/en\\\/imprint\\\/\",\"name\":\"Imprint - Webszinh\u00e1z\",\"isPartOf\":{\"@id\":\"https:\\\/\\\/webszinhaz.com\\\/en\\\/#website\"},\"datePublished\":\"2022-05-27T09:02:23+00:00\",\"dateModified\":\"2026-04-15T15:28:16+00:00\",\"breadcrumb\":{\"@id\":\"https:\\\/\\\/webszinhaz.com\\\/en\\\/imprint\\\/#breadcrumb\"},\"inLanguage\":\"en-US\",\"potentialAction\":[{\"@type\":\"ReadAction\",\"target\":[\"https:\\\/\\\/webszinhaz.com\\\/en\\\/imprint\\\/\"]}]},{\"@type\":\"BreadcrumbList\",\"@id\":\"https:\\\/\\\/webszinhaz.com\\\/en\\\/imprint\\\/#breadcrumb\",\"itemListElement\":[{\"@type\":\"ListItem\",\"position\":1,\"name\":\"Kezd\u0151lap\",\"item\":\"https:\\\/\\\/webszinhaz.com\\\/en\\\/\"},{\"@type\":\"ListItem\",\"position\":2,\"name\":\"Imprint\"}]},{\"@type\":\"WebSite\",\"@id\":\"https:\\\/\\\/webszinhaz.com\\\/en\\\/#website\",\"url\":\"https:\\\/\\\/webszinhaz.com\\\/en\\\/\",\"name\":\"Webszinh\u00e1z\",\"description\":\"Nincsenek hat\u00e1rok\",\"publisher\":{\"@id\":\"https:\\\/\\\/webszinhaz.com\\\/en\\\/#organization\"},\"potentialAction\":[{\"@type\":\"SearchAction\",\"target\":{\"@type\":\"EntryPoint\",\"urlTemplate\":\"https:\\\/\\\/webszinhaz.com\\\/en\\\/?s={search_term_string}\"},\"query-input\":{\"@type\":\"PropertyValueSpecification\",\"valueRequired\":true,\"valueName\":\"search_term_string\"}}],\"inLanguage\":\"en-US\"},{\"@type\":\"Organization\",\"@id\":\"https:\\\/\\\/webszinhaz.com\\\/en\\\/#organization\",\"name\":\"Webszinh\u00e1z\",\"url\":\"https:\\\/\\\/webszinhaz.com\\\/en\\\/\",\"logo\":{\"@type\":\"ImageObject\",\"inLanguage\":\"en-US\",\"@id\":\"https:\\\/\\\/webszinhaz.com\\\/en\\\/#\\\/schema\\\/logo\\\/image\\\/\",\"url\":\"https:\\\/\\\/webszinhaz.com\\\/wp-content\\\/uploads\\\/2022\\\/01\\\/WEBSZINHAZLOGO_WEBSZ_grey_white-1.png\",\"contentUrl\":\"https:\\\/\\\/webszinhaz.com\\\/wp-content\\\/uploads\\\/2022\\\/01\\\/WEBSZINHAZLOGO_WEBSZ_grey_white-1.png\",\"width\":141,\"height\":70,\"caption\":\"Webszinh\u00e1z\"},\"image\":{\"@id\":\"https:\\\/\\\/webszinhaz.com\\\/en\\\/#\\\/schema\\\/logo\\\/image\\\/\"}}]}<\/script>\n<!-- \/ Yoast SEO Premium plugin. -->","yoast_head_json":{"title":"Imprint - Webszinh\u00e1z","robots":{"index":"index","follow":"follow","max-snippet":"max-snippet:-1","max-image-preview":"max-image-preview:large","max-video-preview":"max-video-preview:-1"},"canonical":"https:\/\/webszinhaz.com\/en\/imprint\/","og_locale":"en_US","og_type":"article","og_title":"Imprint","og_description":"Imprint Webszinhaz.com is operated by the English Language Theatre Public Benefit Foundation. Head office: 1025 Budapest, Kavics u. 17\/a Tax number: 19651628-2-41 Company registration number: 00 19 651628 Court registration number: 01-01-0000848 Chairman of the Board of Trustees: Mag\u00e1cs L\u00e1szl\u00f3","og_url":"https:\/\/webszinhaz.com\/en\/imprint\/","og_site_name":"Webszinh\u00e1z","article_modified_time":"2026-04-15T15:28:16+00:00","twitter_card":"summary_large_image","schema":{"@context":"https:\/\/schema.org","@graph":[{"@type":"WebPage","@id":"https:\/\/webszinhaz.com\/en\/imprint\/","url":"https:\/\/webszinhaz.com\/en\/imprint\/","name":"Imprint - Webszinh\u00e1z","isPartOf":{"@id":"https:\/\/webszinhaz.com\/en\/#website"},"datePublished":"2022-05-27T09:02:23+00:00","dateModified":"2026-04-15T15:28:16+00:00","breadcrumb":{"@id":"https:\/\/webszinhaz.com\/en\/imprint\/#breadcrumb"},"inLanguage":"en-US","potentialAction":[{"@type":"ReadAction","target":["https:\/\/webszinhaz.com\/en\/imprint\/"]}]},{"@type":"BreadcrumbList","@id":"https:\/\/webszinhaz.com\/en\/imprint\/#breadcrumb","itemListElement":[{"@type":"ListItem","position":1,"name":"Kezd\u0151lap","item":"https:\/\/webszinhaz.com\/en\/"},{"@type":"ListItem","position":2,"name":"Imprint"}]},{"@type":"WebSite","@id":"https:\/\/webszinhaz.com\/en\/#website","url":"https:\/\/webszinhaz.com\/en\/","name":"Webszinh\u00e1z","description":"Nincsenek hat\u00e1rok","publisher":{"@id":"https:\/\/webszinhaz.com\/en\/#organization"},"potentialAction":[{"@type":"SearchAction","target":{"@type":"EntryPoint","urlTemplate":"https:\/\/webszinhaz.com\/en\/?s={search_term_string}"},"query-input":{"@type":"PropertyValueSpecification","valueRequired":true,"valueName":"search_term_string"}}],"inLanguage":"en-US"},{"@type":"Organization","@id":"https:\/\/webszinhaz.com\/en\/#organization","name":"Webszinh\u00e1z","url":"https:\/\/webszinhaz.com\/en\/","logo":{"@type":"ImageObject","inLanguage":"en-US","@id":"https:\/\/webszinhaz.com\/en\/#\/schema\/logo\/image\/","url":"https:\/\/webszinhaz.com\/wp-content\/uploads\/2022\/01\/WEBSZINHAZLOGO_WEBSZ_grey_white-1.png","contentUrl":"https:\/\/webszinhaz.com\/wp-content\/uploads\/2022\/01\/WEBSZINHAZLOGO_WEBSZ_grey_white-1.png","width":141,"height":70,"caption":"Webszinh\u00e1z"},"image":{"@id":"https:\/\/webszinhaz.com\/en\/#\/schema\/logo\/image\/"}}]}},"_links":{"self":[{"href":"https:\/\/webszinhaz.com\/en\/wp-json\/wp\/v2\/pages\/4384","targetHints":{"allow":["GET"]}}],"collection":[{"href":"https:\/\/webszinhaz.com\/en\/wp-json\/wp\/v2\/pages"}],"about":[{"href":"https:\/\/webszinhaz.com\/en\/wp-json\/wp\/v2\/types\/page"}],"author":[{"embeddable":true,"href":"https:\/\/webszinhaz.com\/en\/wp-json\/wp\/v2\/users\/1"}],"replies":[{"embeddable":true,"href":"https:\/\/webszinhaz.com\/en\/wp-json\/wp\/v2\/comments?post=4384"}],"version-history":[{"count":2,"href":"https:\/\/webszinhaz.com\/en\/wp-json\/wp\/v2\/pages\/4384\/revisions"}],"predecessor-version":[{"id":6401,"href":"https:\/\/webszinhaz.com\/en\/wp-json\/wp\/v2\/pages\/4384\/revisions\/6401"}],"wp:attachment":[{"href":"https:\/\/webszinhaz.com\/en\/wp-json\/wp\/v2\/media?parent=4384"}],"wp:term":[{"taxonomy":"category","embeddable":true,"href":"https:\/\/webszinhaz.com\/en\/wp-json\/wp\/v2\/categories?post=4384"},{"taxonomy":"post_tag","embeddable":true,"href":"https:\/\/webszinhaz.com\/en\/wp-json\/wp\/v2\/tags?post=4384"}],"curies":[{"name":"wp","href":"https:\/\/api.w.org\/{rel}","templated":true}]}}