{"id":4443,"date":"2022-04-28T10:38:40","date_gmt":"2022-04-28T10:38:40","guid":{"rendered":"https:\/\/webszinhaz.eazy.rocks\/cookie-policy\/"},"modified":"2022-11-03T13:07:17","modified_gmt":"2022-11-03T13:07:17","slug":"cookie-policy","status":"publish","type":"page","link":"https:\/\/webszinhaz.com\/en\/cookie-policy\/","title":{"rendered":"Cookie Policy"},"content":{"rendered":"\t\t<div data-elementor-type=\"wp-page\" data-elementor-id=\"4443\" class=\"elementor elementor-4443 elementor-1962\" data-elementor-post-type=\"page\">\n\t\t\t\t\t\t<section class=\"elementor-section elementor-top-section elementor-element elementor-element-165d0a6 elementor-section-boxed elementor-section-height-default elementor-section-height-default\" data-id=\"165d0a6\" data-element_type=\"section\" data-e-type=\"section\">\n\t\t\t\t\t\t<div class=\"elementor-container elementor-column-gap-default\">\n\t\t\t\t\t<div class=\"elementor-column elementor-col-100 elementor-top-column elementor-element elementor-element-c0c547d\" data-id=\"c0c547d\" data-element_type=\"column\" data-e-type=\"column\">\n\t\t\t<div class=\"elementor-widget-wrap elementor-element-populated\">\n\t\t\t\t\t\t<div class=\"elementor-element elementor-element-d7dc9ac elementor-widget elementor-widget-spacer\" data-id=\"d7dc9ac\" data-element_type=\"widget\" data-e-type=\"widget\" data-widget_type=\"spacer.default\">\n\t\t\t\t<div class=\"elementor-widget-container\">\n\t\t\t\t\t\t\t<div class=\"elementor-spacer\">\n\t\t\t<div class=\"elementor-spacer-inner\"><\/div>\n\t\t<\/div>\n\t\t\t\t\t\t<\/div>\n\t\t\t\t<\/div>\n\t\t\t\t<div class=\"elementor-element elementor-element-c7c8046 elementor-widget elementor-widget-heading\" data-id=\"c7c8046\" data-element_type=\"widget\" data-e-type=\"widget\" data-widget_type=\"heading.default\">\n\t\t\t\t<div class=\"elementor-widget-container\">\n\t\t\t\t\t<h1 class=\"elementor-heading-title elementor-size-default\">Our Cookie Policy<\/h1>\t\t\t\t<\/div>\n\t\t\t\t<\/div>\n\t\t\t\t<div class=\"elementor-element elementor-element-8322f7c elementor-widget elementor-widget-spacer\" data-id=\"8322f7c\" data-element_type=\"widget\" data-e-type=\"widget\" data-widget_type=\"spacer.default\">\n\t\t\t\t<div class=\"elementor-widget-container\">\n\t\t\t\t\t\t\t<div class=\"elementor-spacer\">\n\t\t\t<div class=\"elementor-spacer-inner\"><\/div>\n\t\t<\/div>\n\t\t\t\t\t\t<\/div>\n\t\t\t\t<\/div>\n\t\t\t\t\t<\/div>\n\t\t<\/div>\n\t\t\t\t\t<\/div>\n\t\t<\/section>\n\t\t\t\t<section class=\"elementor-section elementor-top-section elementor-element elementor-element-7b2c5525 elementor-section-boxed elementor-section-height-default elementor-section-height-default\" data-id=\"7b2c5525\" data-element_type=\"section\" data-e-type=\"section\">\n\t\t\t\t\t\t<div class=\"elementor-container elementor-column-gap-default\">\n\t\t\t\t\t<div class=\"elementor-column elementor-col-100 elementor-top-column elementor-element elementor-element-49107c3a\" data-id=\"49107c3a\" data-element_type=\"column\" data-e-type=\"column\">\n\t\t\t<div class=\"elementor-widget-wrap elementor-element-populated\">\n\t\t\t\t\t\t<div class=\"elementor-element elementor-element-2da885dd elementor-widget elementor-widget-text-editor\" data-id=\"2da885dd\" data-element_type=\"widget\" data-e-type=\"widget\" data-widget_type=\"text-editor.default\">\n\t\t\t\t<div class=\"elementor-widget-container\">\n\t\t\t\t\t\t\t\t\t<div class=\"cli_pg_page_contaner\">\n<h3>About our cookie policy<\/h3>\n<div>This cookie policy explains what cookies are and how we use them, what type of cookies we use to collect data with and how we use these data. You will also get to know how to change the cookie-settings. You can find more information on how we use, store and keep your data safe in our Privacy Policy. You can change or withdraw your permission at the cookie statement. You can find further information about who we are, how you can connect with us and how we treat your personal data in our Privacy Policy. Your consent applies to the following domains: webszinhaz.com<div class=\"cli_user_consent_state\">Your current state: No consent given. <a class=\"cli_manage_current_consent\" style=\"cursor:pointer;text-decoration:underline;\">Manage your consent.<\/a> <\/div><\/div>\n<h3>What are cookies?<\/h3>\n<div>Cookies are small pieces of text files that stores data. These data are stored on your device when your browser loads the website. These cookies help us to make the website work properly, make it more secure, provide a better user experience and understand how the website is performing and analyze what is working and where developments are needed.  <\/div>\n<h3>How do we use cookies?<\/h3>\n<div>\n<p>Like most online services, our website has different purposes to use cookies from first and third parties. Cookies from a first party are necessary to provide the proper functioning of the website. These does not collect any data that makes identifying possible. <\/p>\n<p>Cookies from a third party are mainly used to understand website performance, how you interact with our website, to keep our services secure, to provide you with relevant advertisements, and overall to provide you a better user experience and to help you speed up future interactions with our website.<\/p>\n<\/div>\n<h3>What types of cookies do we use?<\/h3>\n<div>\n<p>Necessary: Some cookies are essential for you to experience all functions of our site. These allow us to maintain user sessions and to prevent security threats. No personal data is collected or stored. For example, these cookies allow you to log in to your account, add products to your basket and pay securely.   <br \/>Statistics: These cookies store information such as the number of visitors on the website, the number of unique visitors, which pages of the website are visited, the source of the visit, etc. This data helps us understand and analyze how well the website is performing and where developments are needed. <\/p>\n<p>Marketing: Advertisements may appear on our website. We use these cookies to customize the advertisements that are showed to you and to make them relevant for you. These cookies help us to follow the effectiveness of advertisement campaigns.  <br \/>Information stored in these cookies are used by third party advertisement providers to show you ads on other sites in the browser.<\/p>\n<p>Functional: These cookies help the work of some non-basic functions on our site. These functions include the content, such as embedding videos or sharing website content on social media platforms. <\/p>\n<p>Settings: These cookies help us store your settings and browsing preferences, such as language preferences, so that you can have a better and more efficient experience on future visits to the website.<\/p>\n<p>Az al\u00e1bbi lista r\u00e9szletezi a weboldalunkon haszn\u00e1lt s\u00fctiket.<\/p><table class=\"cookielawinfo-row-cat-table cookielawinfo-classic\"><thead><tr><th class=\"cookielawinfo-column-1\">Cookie<\/th><th class=\"cookielawinfo-column-4\">Description<\/th><\/tr><\/thead><tbody><tr class=\"cookielawinfo-row\"><td class=\"cookielawinfo-column-1\">cookielawinfo-checkbox-analytics<\/td><td class=\"cookielawinfo-column-4\">This cookie is set by the GDPR Cookie Consent plugin. The cookie is used to store user consent for cookies in the &#8220;Analytics&#8221; category. <\/td><\/tr><tr class=\"cookielawinfo-row\"><td class=\"cookielawinfo-column-1\">cookielawinfo-checkbox-functional<\/td><td class=\"cookielawinfo-column-4\">This cookie is set based on the GDPR cookie consent to record the user&#8217;s consent to cookies in the category &#8220;Necessary for operation&#8221;.<\/td><\/tr><tr class=\"cookielawinfo-row\"><td class=\"cookielawinfo-column-1\">cookielawinfo-checkbox-necessary<\/td><td class=\"cookielawinfo-column-4\">This cookie is set based on the GDPR cookie consent to record the user&#8217;s consent to cookies in the category &#8220;Essential for operation&#8221;. <\/td><\/tr><tr class=\"cookielawinfo-row\"><td class=\"cookielawinfo-column-1\">cookielawinfo-checkbox-others<\/td><td class=\"cookielawinfo-column-4\">This cookie is set based on the GDPR cookie consent to record the user&#8217;s consent to cookies in the category &#8220;Other&#8221;. <\/td><\/tr><tr class=\"cookielawinfo-row\"><td class=\"cookielawinfo-column-1\">cookielawinfo-checkbox-performance<\/td><td class=\"cookielawinfo-column-4\">This cookie is set based on the GDPR cookie consent to record the user&#8217;s consent to cookies in the category &#8220;Performance&#8221;. <\/td><\/tr><tr class=\"cookielawinfo-row\"><td class=\"cookielawinfo-column-1\">viewed_cookie_policy<\/td><td class=\"cookielawinfo-column-4\">The cookie is set by the GDPR Cookie Consent plugin and is used to store whether the user has consented to the use of cookies. It does not store any personal data. <\/td><\/tr><\/tbody><\/table>\n<\/div>\n<h3>How can you manage cookie settings?<\/h3>\n<div>\n<p>If you decide to change your settings later in your browsing session, click on the \u201cPrivacy and Cookie Policy\u201d tab on the screen. The consent notification will then appear again, allowing you to change your settings or withdraw your consent entirely. <\/p>\n<p>In addition, different browsers provide different methods for blocking and deleting cookies used by websites. You can change your browser settings to block\/delete cookies. You can find out more about managing and deleting cookies at wikipedia.org and www.allaboutcookies.org.  <\/p>\n<\/div>\n<\/div>\n\t\t\t\t\t\t\t\t<\/div>\n\t\t\t\t<\/div>\n\t\t\t\t\t<\/div>\n\t\t<\/div>\n\t\t\t\t\t<\/div>\n\t\t<\/section>\n\t\t\t\t<section class=\"elementor-section elementor-top-section elementor-element elementor-element-f97b811 elementor-section-boxed elementor-section-height-default elementor-section-height-default\" data-id=\"f97b811\" data-element_type=\"section\" data-e-type=\"section\">\n\t\t\t\t\t\t<div class=\"elementor-container elementor-column-gap-default\">\n\t\t\t\t\t<div class=\"elementor-column elementor-col-100 elementor-top-column elementor-element elementor-element-5e71bdd\" data-id=\"5e71bdd\" data-element_type=\"column\" data-e-type=\"column\">\n\t\t\t<div class=\"elementor-widget-wrap elementor-element-populated\">\n\t\t\t\t\t\t<div class=\"elementor-element elementor-element-17a74c0 elementor-widget elementor-widget-spacer\" data-id=\"17a74c0\" data-element_type=\"widget\" data-e-type=\"widget\" data-widget_type=\"spacer.default\">\n\t\t\t\t<div class=\"elementor-widget-container\">\n\t\t\t\t\t\t\t<div class=\"elementor-spacer\">\n\t\t\t<div class=\"elementor-spacer-inner\"><\/div>\n\t\t<\/div>\n\t\t\t\t\t\t<\/div>\n\t\t\t\t<\/div>\n\t\t\t\t\t<\/div>\n\t\t<\/div>\n\t\t\t\t\t<\/div>\n\t\t<\/section>\n\t\t\t\t<\/div>\n\t\t","protected":false},"excerpt":{"rendered":"<p>Our Cookie Policy About our cookie policy This cookie policy explains what cookies are and how we use them, what type of cookies we use to collect data with and how we use these data. You will also get to know how to change the cookie-settings. You can find more information on how we use, [&hellip;]<\/p>\n","protected":false},"author":1,"featured_media":0,"parent":0,"menu_order":0,"comment_status":"closed","ping_status":"closed","template":"","meta":{"_acf_changed":false,"footnotes":""},"categories":[],"tags":[],"class_list":["post-4443","page","type-page","status-publish","hentry"],"acf":[],"yoast_head":"<!-- This site is optimized with the Yoast SEO Premium plugin v27.4 (Yoast SEO v27.4) - https:\/\/yoast.com\/product\/yoast-seo-premium-wordpress\/ -->\n<title>Cookie Policy - Webszinh\u00e1z<\/title>\n<meta name=\"robots\" content=\"index, follow, max-snippet:-1, max-image-preview:large, max-video-preview:-1\" \/>\n<link rel=\"canonical\" href=\"https:\/\/webszinhaz.com\/en\/cookie-policy\/\" \/>\n<meta property=\"og:locale\" content=\"en_US\" \/>\n<meta property=\"og:type\" content=\"article\" \/>\n<meta property=\"og:title\" content=\"Cookie Policy\" \/>\n<meta property=\"og:description\" content=\"Our Cookie Policy About our cookie policy This cookie policy explains what cookies are and how we use them, what type of cookies we use to collect data with and how we use these data. You will also get to know how to change the cookie-settings. You can find more information on how we use, [&hellip;]\" \/>\n<meta property=\"og:url\" content=\"https:\/\/webszinhaz.com\/en\/cookie-policy\/\" \/>\n<meta property=\"og:site_name\" content=\"Webszinh\u00e1z\" \/>\n<meta property=\"article:modified_time\" content=\"2022-11-03T13:07:17+00:00\" \/>\n<meta name=\"twitter:card\" content=\"summary_large_image\" \/>\n<meta name=\"twitter:label1\" content=\"Est. reading time\" \/>\n\t<meta name=\"twitter:data1\" content=\"3 minutes\" \/>\n<script type=\"application\/ld+json\" class=\"yoast-schema-graph\">{\"@context\":\"https:\\\/\\\/schema.org\",\"@graph\":[{\"@type\":\"WebPage\",\"@id\":\"https:\\\/\\\/webszinhaz.com\\\/en\\\/cookie-policy\\\/\",\"url\":\"https:\\\/\\\/webszinhaz.com\\\/en\\\/cookie-policy\\\/\",\"name\":\"Cookie Policy - Webszinh\u00e1z\",\"isPartOf\":{\"@id\":\"https:\\\/\\\/webszinhaz.com\\\/en\\\/#website\"},\"datePublished\":\"2022-04-28T10:38:40+00:00\",\"dateModified\":\"2022-11-03T13:07:17+00:00\",\"breadcrumb\":{\"@id\":\"https:\\\/\\\/webszinhaz.com\\\/en\\\/cookie-policy\\\/#breadcrumb\"},\"inLanguage\":\"en-US\",\"potentialAction\":[{\"@type\":\"ReadAction\",\"target\":[\"https:\\\/\\\/webszinhaz.com\\\/en\\\/cookie-policy\\\/\"]}]},{\"@type\":\"BreadcrumbList\",\"@id\":\"https:\\\/\\\/webszinhaz.com\\\/en\\\/cookie-policy\\\/#breadcrumb\",\"itemListElement\":[{\"@type\":\"ListItem\",\"position\":1,\"name\":\"Kezd\u0151lap\",\"item\":\"https:\\\/\\\/webszinhaz.com\\\/en\\\/\"},{\"@type\":\"ListItem\",\"position\":2,\"name\":\"Cookie Policy\"}]},{\"@type\":\"WebSite\",\"@id\":\"https:\\\/\\\/webszinhaz.com\\\/en\\\/#website\",\"url\":\"https:\\\/\\\/webszinhaz.com\\\/en\\\/\",\"name\":\"Webszinh\u00e1z\",\"description\":\"Nincsenek hat\u00e1rok\",\"publisher\":{\"@id\":\"https:\\\/\\\/webszinhaz.com\\\/en\\\/#organization\"},\"potentialAction\":[{\"@type\":\"SearchAction\",\"target\":{\"@type\":\"EntryPoint\",\"urlTemplate\":\"https:\\\/\\\/webszinhaz.com\\\/en\\\/?s={search_term_string}\"},\"query-input\":{\"@type\":\"PropertyValueSpecification\",\"valueRequired\":true,\"valueName\":\"search_term_string\"}}],\"inLanguage\":\"en-US\"},{\"@type\":\"Organization\",\"@id\":\"https:\\\/\\\/webszinhaz.com\\\/en\\\/#organization\",\"name\":\"Webszinh\u00e1z\",\"url\":\"https:\\\/\\\/webszinhaz.com\\\/en\\\/\",\"logo\":{\"@type\":\"ImageObject\",\"inLanguage\":\"en-US\",\"@id\":\"https:\\\/\\\/webszinhaz.com\\\/en\\\/#\\\/schema\\\/logo\\\/image\\\/\",\"url\":\"https:\\\/\\\/webszinhaz.com\\\/wp-content\\\/uploads\\\/2022\\\/01\\\/WEBSZINHAZLOGO_WEBSZ_grey_white-1.png\",\"contentUrl\":\"https:\\\/\\\/webszinhaz.com\\\/wp-content\\\/uploads\\\/2022\\\/01\\\/WEBSZINHAZLOGO_WEBSZ_grey_white-1.png\",\"width\":141,\"height\":70,\"caption\":\"Webszinh\u00e1z\"},\"image\":{\"@id\":\"https:\\\/\\\/webszinhaz.com\\\/en\\\/#\\\/schema\\\/logo\\\/image\\\/\"}}]}<\/script>\n<!-- \/ Yoast SEO Premium plugin. -->","yoast_head_json":{"title":"Cookie Policy - Webszinh\u00e1z","robots":{"index":"index","follow":"follow","max-snippet":"max-snippet:-1","max-image-preview":"max-image-preview:large","max-video-preview":"max-video-preview:-1"},"canonical":"https:\/\/webszinhaz.com\/en\/cookie-policy\/","og_locale":"en_US","og_type":"article","og_title":"Cookie Policy","og_description":"Our Cookie Policy About our cookie policy This cookie policy explains what cookies are and how we use them, what type of cookies we use to collect data with and how we use these data. You will also get to know how to change the cookie-settings. You can find more information on how we use, [&hellip;]","og_url":"https:\/\/webszinhaz.com\/en\/cookie-policy\/","og_site_name":"Webszinh\u00e1z","article_modified_time":"2022-11-03T13:07:17+00:00","twitter_card":"summary_large_image","twitter_misc":{"Est. reading time":"3 minutes"},"schema":{"@context":"https:\/\/schema.org","@graph":[{"@type":"WebPage","@id":"https:\/\/webszinhaz.com\/en\/cookie-policy\/","url":"https:\/\/webszinhaz.com\/en\/cookie-policy\/","name":"Cookie Policy - Webszinh\u00e1z","isPartOf":{"@id":"https:\/\/webszinhaz.com\/en\/#website"},"datePublished":"2022-04-28T10:38:40+00:00","dateModified":"2022-11-03T13:07:17+00:00","breadcrumb":{"@id":"https:\/\/webszinhaz.com\/en\/cookie-policy\/#breadcrumb"},"inLanguage":"en-US","potentialAction":[{"@type":"ReadAction","target":["https:\/\/webszinhaz.com\/en\/cookie-policy\/"]}]},{"@type":"BreadcrumbList","@id":"https:\/\/webszinhaz.com\/en\/cookie-policy\/#breadcrumb","itemListElement":[{"@type":"ListItem","position":1,"name":"Kezd\u0151lap","item":"https:\/\/webszinhaz.com\/en\/"},{"@type":"ListItem","position":2,"name":"Cookie Policy"}]},{"@type":"WebSite","@id":"https:\/\/webszinhaz.com\/en\/#website","url":"https:\/\/webszinhaz.com\/en\/","name":"Webszinh\u00e1z","description":"Nincsenek hat\u00e1rok","publisher":{"@id":"https:\/\/webszinhaz.com\/en\/#organization"},"potentialAction":[{"@type":"SearchAction","target":{"@type":"EntryPoint","urlTemplate":"https:\/\/webszinhaz.com\/en\/?s={search_term_string}"},"query-input":{"@type":"PropertyValueSpecification","valueRequired":true,"valueName":"search_term_string"}}],"inLanguage":"en-US"},{"@type":"Organization","@id":"https:\/\/webszinhaz.com\/en\/#organization","name":"Webszinh\u00e1z","url":"https:\/\/webszinhaz.com\/en\/","logo":{"@type":"ImageObject","inLanguage":"en-US","@id":"https:\/\/webszinhaz.com\/en\/#\/schema\/logo\/image\/","url":"https:\/\/webszinhaz.com\/wp-content\/uploads\/2022\/01\/WEBSZINHAZLOGO_WEBSZ_grey_white-1.png","contentUrl":"https:\/\/webszinhaz.com\/wp-content\/uploads\/2022\/01\/WEBSZINHAZLOGO_WEBSZ_grey_white-1.png","width":141,"height":70,"caption":"Webszinh\u00e1z"},"image":{"@id":"https:\/\/webszinhaz.com\/en\/#\/schema\/logo\/image\/"}}]}},"_links":{"self":[{"href":"https:\/\/webszinhaz.com\/en\/wp-json\/wp\/v2\/pages\/4443","targetHints":{"allow":["GET"]}}],"collection":[{"href":"https:\/\/webszinhaz.com\/en\/wp-json\/wp\/v2\/pages"}],"about":[{"href":"https:\/\/webszinhaz.com\/en\/wp-json\/wp\/v2\/types\/page"}],"author":[{"embeddable":true,"href":"https:\/\/webszinhaz.com\/en\/wp-json\/wp\/v2\/users\/1"}],"replies":[{"embeddable":true,"href":"https:\/\/webszinhaz.com\/en\/wp-json\/wp\/v2\/comments?post=4443"}],"version-history":[{"count":0,"href":"https:\/\/webszinhaz.com\/en\/wp-json\/wp\/v2\/pages\/4443\/revisions"}],"wp:attachment":[{"href":"https:\/\/webszinhaz.com\/en\/wp-json\/wp\/v2\/media?parent=4443"}],"wp:term":[{"taxonomy":"category","embeddable":true,"href":"https:\/\/webszinhaz.com\/en\/wp-json\/wp\/v2\/categories?post=4443"},{"taxonomy":"post_tag","embeddable":true,"href":"https:\/\/webszinhaz.com\/en\/wp-json\/wp\/v2\/tags?post=4443"}],"curies":[{"name":"wp","href":"https:\/\/api.w.org\/{rel}","templated":true}]}}