{"id":4880,"date":"2022-09-11T16:12:58","date_gmt":"2022-09-11T16:12:58","guid":{"rendered":"https:\/\/webszinhaz.eazy.rocks\/extra\/turbo-bees-concert\/"},"modified":"2022-12-02T13:25:35","modified_gmt":"2022-12-02T13:25:35","slug":"turbo-bees-concert","status":"publish","type":"page","link":"https:\/\/webszinhaz.com\/en\/extra\/turbo-bees-concert\/","title":{"rendered":"Turb\u00f3 Bees concert"},"content":{"rendered":" \t\t<div class=\"woocommerce\">\n\t\t\t<div class=\"woocommerce-info wc-memberships-restriction-message wc-memberships-message wc-memberships-content-restricted-message\">\n\t\t\t\t<h1>Turb\u00f3 Bees concert<\/h1>\r\n<h4>Author: Csaba M\u00e9hes<\/h4>\r\n<br>\r\n<p>Tickets are required to watch the film. To buy tickets, please click here: <span class=\"wc-memberships-products-grant-access\"><a href=\"https:\/\/webszinhaz.com\/termek\/turbo-mehek-koncert\/\">Turb\u00f3 M\u00e9hek koncert<\/a> or <a href=\"https:\/\/webszinhaz.com\/en\/product\/turbo-bees-concert\/\">Turb\u00f3 Bees concert<\/a><\/span><\/p>\r\n<p>If you already have a ticket, please log in to your account here: <a href=\"https:\/\/webszinhaz.com\/en\/my-account\/?wcm_redirect_to=page&#038;wcm_redirect_id=4880\">My Account<\/a>, and return to this site.<\/p>\r\n<div class=\"elementor-widget-container\">\r\n<div class=\"elementor-spacer\">\r\n<div class=\"elementor-spacer-inner_restricted_area\"><\/div>\r\n<\/div>\r\n<\/div>\r\n\t\t    <\/div>\n\t\t<\/div>\n\t\t","protected":false},"excerpt":{"rendered":"\n<div class=\"woocommerce\">\n<div class=\"woocommerce-info wc-memberships-restriction-message wc-memberships-message wc-memberships-content-restricted-message\">\n<h1>Turb\u00f3 Bees concert<\/h1>\n<h4>Author: Csaba M\u00e9hes<\/h4>\n<p><\/p>\n<p>Tickets are required to watch the film. To buy tickets, please click here: <span class=\"wc-memberships-products-grant-access\"><a href=\"https:\/\/webszinhaz.com\/termek\/turbo-mehek-koncert\/\">Turb\u00f3 M\u00e9hek koncert<\/a> or <a href=\"https:\/\/webszinhaz.com\/en\/product\/turbo-bees-concert\/\">Turb\u00f3 Bees concert<\/a><\/span><\/p>\n<p>If you already have a ticket, please log in to your account here: <a href=\"https:\/\/webszinhaz.com\/en\/my-account\/?wcm_redirect_to=page&#038;wcm_redirect_id=4880\">My Account<\/a>, and return to this site.<\/p>\n<div class=\"elementor-widget-container\">\n<div class=\"elementor-spacer\">\n<div class=\"elementor-spacer-inner_restricted_area\"><\/div>\n<\/div>\n<\/div><\/div>\n<\/p><\/div>\n","protected":false},"author":1,"featured_media":4344,"parent":4820,"menu_order":0,"comment_status":"closed","ping_status":"closed","template":"","meta":{"_acf_changed":false,"footnotes":""},"categories":[80],"tags":[],"class_list":["post-4880","page","type-page","status-publish","has-post-thumbnail","hentry","category-extra-for-kids","membership-content","access-restricted"],"acf":[],"yoast_head":"<!-- This site is optimized with the Yoast SEO Premium plugin v27.4 (Yoast SEO v27.4) - https:\/\/yoast.com\/product\/yoast-seo-premium-wordpress\/ -->\n<title>Turb\u00f3 Bees concert - Webszinh\u00e1z<\/title>\n<meta name=\"robots\" content=\"index, follow, max-snippet:-1, max-image-preview:large, max-video-preview:-1\" \/>\n<link rel=\"canonical\" href=\"https:\/\/webszinhaz.com\/en\/extra\/turbo-bees-concert\/\" \/>\n<meta property=\"og:locale\" content=\"en_US\" \/>\n<meta property=\"og:type\" content=\"article\" \/>\n<meta property=\"og:title\" content=\"Turb\u00f3 Bees concert\" \/>\n<meta property=\"og:description\" content=\"Turb\u00f3 Bees concert Author: Csaba M\u00e9hes Tickets are required to watch the film. To buy tickets, please click here: Turb\u00f3 M\u00e9hek koncert or Turb\u00f3 Bees concert If you already have a ticket, please log in to your account here: My Account, and return to this site.\" \/>\n<meta property=\"og:url\" content=\"https:\/\/webszinhaz.com\/en\/extra\/turbo-bees-concert\/\" \/>\n<meta property=\"og:site_name\" content=\"Webszinh\u00e1z\" \/>\n<meta property=\"article:modified_time\" content=\"2022-12-02T13:25:35+00:00\" \/>\n<meta property=\"og:image\" content=\"https:\/\/webszinhaz.com\/wp-content\/uploads\/2022\/08\/turbo-mehek.jpg\" \/>\n\t<meta property=\"og:image:width\" content=\"960\" \/>\n\t<meta property=\"og:image:height\" content=\"503\" \/>\n\t<meta property=\"og:image:type\" content=\"image\/jpeg\" \/>\n<meta name=\"twitter:card\" content=\"summary_large_image\" \/>\n<meta name=\"twitter:label1\" content=\"Est. reading time\" \/>\n\t<meta name=\"twitter:data1\" content=\"1 minute\" \/>\n<script type=\"application\/ld+json\" class=\"yoast-schema-graph\">{\"@context\":\"https:\\\/\\\/schema.org\",\"@graph\":[{\"@type\":\"WebPage\",\"@id\":\"https:\\\/\\\/webszinhaz.com\\\/en\\\/extra\\\/turbo-bees-concert\\\/\",\"url\":\"https:\\\/\\\/webszinhaz.com\\\/en\\\/extra\\\/turbo-bees-concert\\\/\",\"name\":\"Turb\u00f3 Bees concert - Webszinh\u00e1z\",\"isPartOf\":{\"@id\":\"https:\\\/\\\/webszinhaz.com\\\/en\\\/#website\"},\"primaryImageOfPage\":{\"@id\":\"https:\\\/\\\/webszinhaz.com\\\/en\\\/extra\\\/turbo-bees-concert\\\/#primaryimage\"},\"image\":{\"@id\":\"https:\\\/\\\/webszinhaz.com\\\/en\\\/extra\\\/turbo-bees-concert\\\/#primaryimage\"},\"thumbnailUrl\":\"https:\\\/\\\/webszinhaz.com\\\/wp-content\\\/uploads\\\/2022\\\/08\\\/turbo-mehek.jpg\",\"datePublished\":\"2022-09-11T16:12:58+00:00\",\"dateModified\":\"2022-12-02T13:25:35+00:00\",\"breadcrumb\":{\"@id\":\"https:\\\/\\\/webszinhaz.com\\\/en\\\/extra\\\/turbo-bees-concert\\\/#breadcrumb\"},\"inLanguage\":\"en-US\",\"potentialAction\":[{\"@type\":\"ReadAction\",\"target\":[\"https:\\\/\\\/webszinhaz.com\\\/en\\\/extra\\\/turbo-bees-concert\\\/\"]}]},{\"@type\":\"ImageObject\",\"inLanguage\":\"en-US\",\"@id\":\"https:\\\/\\\/webszinhaz.com\\\/en\\\/extra\\\/turbo-bees-concert\\\/#primaryimage\",\"url\":\"https:\\\/\\\/webszinhaz.com\\\/wp-content\\\/uploads\\\/2022\\\/08\\\/turbo-mehek.jpg\",\"contentUrl\":\"https:\\\/\\\/webszinhaz.com\\\/wp-content\\\/uploads\\\/2022\\\/08\\\/turbo-mehek.jpg\",\"width\":960,\"height\":503},{\"@type\":\"BreadcrumbList\",\"@id\":\"https:\\\/\\\/webszinhaz.com\\\/en\\\/extra\\\/turbo-bees-concert\\\/#breadcrumb\",\"itemListElement\":[{\"@type\":\"ListItem\",\"position\":1,\"name\":\"Kezd\u0151lap\",\"item\":\"https:\\\/\\\/webszinhaz.com\\\/en\\\/\"},{\"@type\":\"ListItem\",\"position\":2,\"name\":\"EXTRA\",\"item\":\"https:\\\/\\\/webszinhaz.com\\\/en\\\/extra\\\/\"},{\"@type\":\"ListItem\",\"position\":3,\"name\":\"Turb\u00f3 Bees concert\"}]},{\"@type\":\"WebSite\",\"@id\":\"https:\\\/\\\/webszinhaz.com\\\/en\\\/#website\",\"url\":\"https:\\\/\\\/webszinhaz.com\\\/en\\\/\",\"name\":\"Webszinh\u00e1z\",\"description\":\"Nincsenek hat\u00e1rok\",\"publisher\":{\"@id\":\"https:\\\/\\\/webszinhaz.com\\\/en\\\/#organization\"},\"potentialAction\":[{\"@type\":\"SearchAction\",\"target\":{\"@type\":\"EntryPoint\",\"urlTemplate\":\"https:\\\/\\\/webszinhaz.com\\\/en\\\/?s={search_term_string}\"},\"query-input\":{\"@type\":\"PropertyValueSpecification\",\"valueRequired\":true,\"valueName\":\"search_term_string\"}}],\"inLanguage\":\"en-US\"},{\"@type\":\"Organization\",\"@id\":\"https:\\\/\\\/webszinhaz.com\\\/en\\\/#organization\",\"name\":\"Webszinh\u00e1z\",\"url\":\"https:\\\/\\\/webszinhaz.com\\\/en\\\/\",\"logo\":{\"@type\":\"ImageObject\",\"inLanguage\":\"en-US\",\"@id\":\"https:\\\/\\\/webszinhaz.com\\\/en\\\/#\\\/schema\\\/logo\\\/image\\\/\",\"url\":\"https:\\\/\\\/webszinhaz.com\\\/wp-content\\\/uploads\\\/2022\\\/01\\\/WEBSZINHAZLOGO_WEBSZ_grey_white-1.png\",\"contentUrl\":\"https:\\\/\\\/webszinhaz.com\\\/wp-content\\\/uploads\\\/2022\\\/01\\\/WEBSZINHAZLOGO_WEBSZ_grey_white-1.png\",\"width\":141,\"height\":70,\"caption\":\"Webszinh\u00e1z\"},\"image\":{\"@id\":\"https:\\\/\\\/webszinhaz.com\\\/en\\\/#\\\/schema\\\/logo\\\/image\\\/\"}}]}<\/script>\n<!-- \/ Yoast SEO Premium plugin. -->","yoast_head_json":{"title":"Turb\u00f3 Bees concert - Webszinh\u00e1z","robots":{"index":"index","follow":"follow","max-snippet":"max-snippet:-1","max-image-preview":"max-image-preview:large","max-video-preview":"max-video-preview:-1"},"canonical":"https:\/\/webszinhaz.com\/en\/extra\/turbo-bees-concert\/","og_locale":"en_US","og_type":"article","og_title":"Turb\u00f3 Bees concert","og_description":"Turb\u00f3 Bees concert Author: Csaba M\u00e9hes Tickets are required to watch the film. To buy tickets, please click here: Turb\u00f3 M\u00e9hek koncert or Turb\u00f3 Bees concert If you already have a ticket, please log in to your account here: My Account, and return to this site.","og_url":"https:\/\/webszinhaz.com\/en\/extra\/turbo-bees-concert\/","og_site_name":"Webszinh\u00e1z","article_modified_time":"2022-12-02T13:25:35+00:00","og_image":[{"width":960,"height":503,"url":"https:\/\/webszinhaz.com\/wp-content\/uploads\/2022\/08\/turbo-mehek.jpg","type":"image\/jpeg"}],"twitter_card":"summary_large_image","twitter_misc":{"Est. reading time":"1 minute"},"schema":{"@context":"https:\/\/schema.org","@graph":[{"@type":"WebPage","@id":"https:\/\/webszinhaz.com\/en\/extra\/turbo-bees-concert\/","url":"https:\/\/webszinhaz.com\/en\/extra\/turbo-bees-concert\/","name":"Turb\u00f3 Bees concert - Webszinh\u00e1z","isPartOf":{"@id":"https:\/\/webszinhaz.com\/en\/#website"},"primaryImageOfPage":{"@id":"https:\/\/webszinhaz.com\/en\/extra\/turbo-bees-concert\/#primaryimage"},"image":{"@id":"https:\/\/webszinhaz.com\/en\/extra\/turbo-bees-concert\/#primaryimage"},"thumbnailUrl":"https:\/\/webszinhaz.com\/wp-content\/uploads\/2022\/08\/turbo-mehek.jpg","datePublished":"2022-09-11T16:12:58+00:00","dateModified":"2022-12-02T13:25:35+00:00","breadcrumb":{"@id":"https:\/\/webszinhaz.com\/en\/extra\/turbo-bees-concert\/#breadcrumb"},"inLanguage":"en-US","potentialAction":[{"@type":"ReadAction","target":["https:\/\/webszinhaz.com\/en\/extra\/turbo-bees-concert\/"]}]},{"@type":"ImageObject","inLanguage":"en-US","@id":"https:\/\/webszinhaz.com\/en\/extra\/turbo-bees-concert\/#primaryimage","url":"https:\/\/webszinhaz.com\/wp-content\/uploads\/2022\/08\/turbo-mehek.jpg","contentUrl":"https:\/\/webszinhaz.com\/wp-content\/uploads\/2022\/08\/turbo-mehek.jpg","width":960,"height":503},{"@type":"BreadcrumbList","@id":"https:\/\/webszinhaz.com\/en\/extra\/turbo-bees-concert\/#breadcrumb","itemListElement":[{"@type":"ListItem","position":1,"name":"Kezd\u0151lap","item":"https:\/\/webszinhaz.com\/en\/"},{"@type":"ListItem","position":2,"name":"EXTRA","item":"https:\/\/webszinhaz.com\/en\/extra\/"},{"@type":"ListItem","position":3,"name":"Turb\u00f3 Bees concert"}]},{"@type":"WebSite","@id":"https:\/\/webszinhaz.com\/en\/#website","url":"https:\/\/webszinhaz.com\/en\/","name":"Webszinh\u00e1z","description":"Nincsenek hat\u00e1rok","publisher":{"@id":"https:\/\/webszinhaz.com\/en\/#organization"},"potentialAction":[{"@type":"SearchAction","target":{"@type":"EntryPoint","urlTemplate":"https:\/\/webszinhaz.com\/en\/?s={search_term_string}"},"query-input":{"@type":"PropertyValueSpecification","valueRequired":true,"valueName":"search_term_string"}}],"inLanguage":"en-US"},{"@type":"Organization","@id":"https:\/\/webszinhaz.com\/en\/#organization","name":"Webszinh\u00e1z","url":"https:\/\/webszinhaz.com\/en\/","logo":{"@type":"ImageObject","inLanguage":"en-US","@id":"https:\/\/webszinhaz.com\/en\/#\/schema\/logo\/image\/","url":"https:\/\/webszinhaz.com\/wp-content\/uploads\/2022\/01\/WEBSZINHAZLOGO_WEBSZ_grey_white-1.png","contentUrl":"https:\/\/webszinhaz.com\/wp-content\/uploads\/2022\/01\/WEBSZINHAZLOGO_WEBSZ_grey_white-1.png","width":141,"height":70,"caption":"Webszinh\u00e1z"},"image":{"@id":"https:\/\/webszinhaz.com\/en\/#\/schema\/logo\/image\/"}}]}},"_links":{"self":[{"href":"https:\/\/webszinhaz.com\/en\/wp-json\/wp\/v2\/pages\/4880","targetHints":{"allow":["GET"]}}],"collection":[{"href":"https:\/\/webszinhaz.com\/en\/wp-json\/wp\/v2\/pages"}],"about":[{"href":"https:\/\/webszinhaz.com\/en\/wp-json\/wp\/v2\/types\/page"}],"author":[{"embeddable":true,"href":"https:\/\/webszinhaz.com\/en\/wp-json\/wp\/v2\/users\/1"}],"replies":[{"embeddable":true,"href":"https:\/\/webszinhaz.com\/en\/wp-json\/wp\/v2\/comments?post=4880"}],"version-history":[{"count":0,"href":"https:\/\/webszinhaz.com\/en\/wp-json\/wp\/v2\/pages\/4880\/revisions"}],"up":[{"embeddable":true,"href":"https:\/\/webszinhaz.com\/en\/wp-json\/wp\/v2\/pages\/4820"}],"wp:featuredmedia":[{"embeddable":true,"href":"https:\/\/webszinhaz.com\/en\/wp-json\/wp\/v2\/media\/4344"}],"wp:attachment":[{"href":"https:\/\/webszinhaz.com\/en\/wp-json\/wp\/v2\/media?parent=4880"}],"wp:term":[{"taxonomy":"category","embeddable":true,"href":"https:\/\/webszinhaz.com\/en\/wp-json\/wp\/v2\/categories?post=4880"},{"taxonomy":"post_tag","embeddable":true,"href":"https:\/\/webszinhaz.com\/en\/wp-json\/wp\/v2\/tags?post=4880"}],"curies":[{"name":"wp","href":"https:\/\/api.w.org\/{rel}","templated":true}]}}