{"id":4901,"date":"2022-06-26T11:08:03","date_gmt":"2022-06-26T11:08:03","guid":{"rendered":"https:\/\/webszinhaz.eazy.rocks\/shakespeare-37\/based-on-william-shakespeares-timon-of-athens\/"},"modified":"2024-11-04T16:15:30","modified_gmt":"2024-11-04T16:15:30","slug":"timon-of-athens-a-paraphrase","status":"publish","type":"page","link":"https:\/\/webszinhaz.com\/en\/shakespeare-37\/timon-of-athens-a-paraphrase\/","title":{"rendered":"Timon of Athens \u2013 A Paraphrase"},"content":{"rendered":" \t\t<div class=\"woocommerce\">\n\t\t\t<div class=\"woocommerce-info wc-memberships-restriction-message wc-memberships-message wc-memberships-content-restricted-message\">\n\t\t\t\t<h1>Timon of Athens \u2013 A Paraphrase<\/h1>\r\n<h4>Author: L\u00e1szl\u00f3 M\u00e1rton<\/h4>\r\n<br>\r\n<p>Tickets are required to watch the film. To buy tickets, please click here: <span class=\"wc-memberships-products-grant-access\"><a href=\"https:\/\/webszinhaz.com\/termek\/atheni-timon-parafrazis\/\">Ath\u00e9ni Tim\u00f3n \u2013 parafr\u00e1zis<\/a> or <a href=\"https:\/\/webszinhaz.com\/en\/product\/timon-of-athens-a-paraphrase\/\">Timon of Athens \u2013 A Paraphrase<\/a><\/span><\/p>\r\n<p>If you already have a ticket, please log in to your account here: <a href=\"https:\/\/webszinhaz.com\/en\/my-account\/?wcm_redirect_to=page&#038;wcm_redirect_id=4901\">My Account<\/a>, and return to this site.<\/p>\r\n<div class=\"elementor-widget-container\">\r\n<div class=\"elementor-spacer\">\r\n<div class=\"elementor-spacer-inner_restricted_area\"><\/div>\r\n<\/div>\r\n<\/div>\t\t    <\/div>\n\t\t<\/div>\n\t\t","protected":false},"excerpt":{"rendered":"\n<div class=\"woocommerce\">\n<div class=\"woocommerce-info wc-memberships-restriction-message wc-memberships-message wc-memberships-content-restricted-message\">\n<h1>Timon of Athens \u2013 A Paraphrase<\/h1>\n<h4>Author: L\u00e1szl\u00f3 M\u00e1rton<\/h4>\n<p><\/p>\n<p>Tickets are required to watch the film. To buy tickets, please click here: <span class=\"wc-memberships-products-grant-access\"><a href=\"https:\/\/webszinhaz.com\/termek\/atheni-timon-parafrazis\/\">Ath\u00e9ni Tim\u00f3n \u2013 parafr\u00e1zis<\/a> or <a href=\"https:\/\/webszinhaz.com\/en\/product\/timon-of-athens-a-paraphrase\/\">Timon of Athens \u2013 A Paraphrase<\/a><\/span><\/p>\n<p>If you already have a ticket, please log in to your account here: <a href=\"https:\/\/webszinhaz.com\/en\/my-account\/?wcm_redirect_to=page&#038;wcm_redirect_id=4901\">My Account<\/a>, and return to this site.<\/p>\n<div class=\"elementor-widget-container\">\n<div class=\"elementor-spacer\">\n<div class=\"elementor-spacer-inner_restricted_area\"><\/div>\n<\/div>\n<\/div><\/div>\n<\/p><\/div>\n","protected":false},"author":1,"featured_media":4234,"parent":4364,"menu_order":0,"comment_status":"closed","ping_status":"closed","template":"","meta":{"_acf_changed":false,"footnotes":""},"categories":[52],"tags":[115],"class_list":["post-4901","page","type-page","status-publish","has-post-thumbnail","hentry","category-sh-37-en","tag-nezoi-oldal-en","membership-content","access-restricted"],"acf":[],"yoast_head":"<!-- This site is optimized with the Yoast SEO Premium plugin v27.4 (Yoast SEO v27.4) - https:\/\/yoast.com\/product\/yoast-seo-premium-wordpress\/ -->\n<title>Timon of Athens \u2013 A Paraphrase - Webszinh\u00e1z<\/title>\n<meta name=\"robots\" content=\"index, follow, max-snippet:-1, max-image-preview:large, max-video-preview:-1\" \/>\n<link rel=\"canonical\" href=\"https:\/\/webszinhaz.com\/en\/shakespeare-37\/timon-of-athens-a-paraphrase\/\" \/>\n<meta property=\"og:locale\" content=\"en_US\" \/>\n<meta property=\"og:type\" content=\"article\" \/>\n<meta property=\"og:title\" content=\"Timon of Athens \u2013 A Paraphrase\" \/>\n<meta property=\"og:description\" content=\"Timon of Athens \u2013 A Paraphrase Author: L\u00e1szl\u00f3 M\u00e1rton Tickets are required to watch the film. To buy tickets, please click here: Ath\u00e9ni Tim\u00f3n \u2013 parafr\u00e1zis or Timon of Athens \u2013 A Paraphrase If you already have a ticket, please log in to your account here: My Account, and return to this site.\" \/>\n<meta property=\"og:url\" content=\"https:\/\/webszinhaz.com\/en\/shakespeare-37\/timon-of-athens-a-paraphrase\/\" \/>\n<meta property=\"og:site_name\" content=\"Webszinh\u00e1z\" \/>\n<meta property=\"article:modified_time\" content=\"2024-11-04T16:15:30+00:00\" \/>\n<meta property=\"og:image\" content=\"https:\/\/webszinhaz.com\/wp-content\/uploads\/2022\/06\/21_ATEHENI_TIMON_STILL__1.1.15.jpg\" \/>\n\t<meta property=\"og:image:width\" content=\"1920\" \/>\n\t<meta property=\"og:image:height\" content=\"1080\" \/>\n\t<meta property=\"og:image:type\" content=\"image\/jpeg\" \/>\n<meta name=\"twitter:card\" content=\"summary_large_image\" \/>\n<meta name=\"twitter:label1\" content=\"Est. reading time\" \/>\n\t<meta name=\"twitter:data1\" content=\"1 minute\" \/>\n<script type=\"application\/ld+json\" class=\"yoast-schema-graph\">{\"@context\":\"https:\\\/\\\/schema.org\",\"@graph\":[{\"@type\":\"WebPage\",\"@id\":\"https:\\\/\\\/webszinhaz.com\\\/en\\\/shakespeare-37\\\/timon-of-athens-a-paraphrase\\\/\",\"url\":\"https:\\\/\\\/webszinhaz.com\\\/en\\\/shakespeare-37\\\/timon-of-athens-a-paraphrase\\\/\",\"name\":\"Timon of Athens \u2013 A Paraphrase - Webszinh\u00e1z\",\"isPartOf\":{\"@id\":\"https:\\\/\\\/webszinhaz.com\\\/en\\\/#website\"},\"primaryImageOfPage\":{\"@id\":\"https:\\\/\\\/webszinhaz.com\\\/en\\\/shakespeare-37\\\/timon-of-athens-a-paraphrase\\\/#primaryimage\"},\"image\":{\"@id\":\"https:\\\/\\\/webszinhaz.com\\\/en\\\/shakespeare-37\\\/timon-of-athens-a-paraphrase\\\/#primaryimage\"},\"thumbnailUrl\":\"https:\\\/\\\/webszinhaz.com\\\/wp-content\\\/uploads\\\/2022\\\/06\\\/21_ATEHENI_TIMON_STILL__1.1.15.jpg\",\"datePublished\":\"2022-06-26T11:08:03+00:00\",\"dateModified\":\"2024-11-04T16:15:30+00:00\",\"breadcrumb\":{\"@id\":\"https:\\\/\\\/webszinhaz.com\\\/en\\\/shakespeare-37\\\/timon-of-athens-a-paraphrase\\\/#breadcrumb\"},\"inLanguage\":\"en-US\",\"potentialAction\":[{\"@type\":\"ReadAction\",\"target\":[\"https:\\\/\\\/webszinhaz.com\\\/en\\\/shakespeare-37\\\/timon-of-athens-a-paraphrase\\\/\"]}]},{\"@type\":\"ImageObject\",\"inLanguage\":\"en-US\",\"@id\":\"https:\\\/\\\/webszinhaz.com\\\/en\\\/shakespeare-37\\\/timon-of-athens-a-paraphrase\\\/#primaryimage\",\"url\":\"https:\\\/\\\/webszinhaz.com\\\/wp-content\\\/uploads\\\/2022\\\/06\\\/21_ATEHENI_TIMON_STILL__1.1.15.jpg\",\"contentUrl\":\"https:\\\/\\\/webszinhaz.com\\\/wp-content\\\/uploads\\\/2022\\\/06\\\/21_ATEHENI_TIMON_STILL__1.1.15.jpg\",\"width\":1920,\"height\":1080},{\"@type\":\"BreadcrumbList\",\"@id\":\"https:\\\/\\\/webszinhaz.com\\\/en\\\/shakespeare-37\\\/timon-of-athens-a-paraphrase\\\/#breadcrumb\",\"itemListElement\":[{\"@type\":\"ListItem\",\"position\":1,\"name\":\"Kezd\u0151lap\",\"item\":\"https:\\\/\\\/webszinhaz.com\\\/en\\\/\"},{\"@type\":\"ListItem\",\"position\":2,\"name\":\"SHAKESPEARE \\\/ 37\",\"item\":\"https:\\\/\\\/webszinhaz.com\\\/en\\\/shakespeare-37\\\/\"},{\"@type\":\"ListItem\",\"position\":3,\"name\":\"Timon of Athens \u2013 A Paraphrase\"}]},{\"@type\":\"WebSite\",\"@id\":\"https:\\\/\\\/webszinhaz.com\\\/en\\\/#website\",\"url\":\"https:\\\/\\\/webszinhaz.com\\\/en\\\/\",\"name\":\"Webszinh\u00e1z\",\"description\":\"Nincsenek hat\u00e1rok\",\"publisher\":{\"@id\":\"https:\\\/\\\/webszinhaz.com\\\/en\\\/#organization\"},\"potentialAction\":[{\"@type\":\"SearchAction\",\"target\":{\"@type\":\"EntryPoint\",\"urlTemplate\":\"https:\\\/\\\/webszinhaz.com\\\/en\\\/?s={search_term_string}\"},\"query-input\":{\"@type\":\"PropertyValueSpecification\",\"valueRequired\":true,\"valueName\":\"search_term_string\"}}],\"inLanguage\":\"en-US\"},{\"@type\":\"Organization\",\"@id\":\"https:\\\/\\\/webszinhaz.com\\\/en\\\/#organization\",\"name\":\"Webszinh\u00e1z\",\"url\":\"https:\\\/\\\/webszinhaz.com\\\/en\\\/\",\"logo\":{\"@type\":\"ImageObject\",\"inLanguage\":\"en-US\",\"@id\":\"https:\\\/\\\/webszinhaz.com\\\/en\\\/#\\\/schema\\\/logo\\\/image\\\/\",\"url\":\"https:\\\/\\\/webszinhaz.com\\\/wp-content\\\/uploads\\\/2022\\\/01\\\/WEBSZINHAZLOGO_WEBSZ_grey_white-1.png\",\"contentUrl\":\"https:\\\/\\\/webszinhaz.com\\\/wp-content\\\/uploads\\\/2022\\\/01\\\/WEBSZINHAZLOGO_WEBSZ_grey_white-1.png\",\"width\":141,\"height\":70,\"caption\":\"Webszinh\u00e1z\"},\"image\":{\"@id\":\"https:\\\/\\\/webszinhaz.com\\\/en\\\/#\\\/schema\\\/logo\\\/image\\\/\"}}]}<\/script>\n<!-- \/ Yoast SEO Premium plugin. -->","yoast_head_json":{"title":"Timon of Athens \u2013 A Paraphrase - Webszinh\u00e1z","robots":{"index":"index","follow":"follow","max-snippet":"max-snippet:-1","max-image-preview":"max-image-preview:large","max-video-preview":"max-video-preview:-1"},"canonical":"https:\/\/webszinhaz.com\/en\/shakespeare-37\/timon-of-athens-a-paraphrase\/","og_locale":"en_US","og_type":"article","og_title":"Timon of Athens \u2013 A Paraphrase","og_description":"Timon of Athens \u2013 A Paraphrase Author: L\u00e1szl\u00f3 M\u00e1rton Tickets are required to watch the film. To buy tickets, please click here: Ath\u00e9ni Tim\u00f3n \u2013 parafr\u00e1zis or Timon of Athens \u2013 A Paraphrase If you already have a ticket, please log in to your account here: My Account, and return to this site.","og_url":"https:\/\/webszinhaz.com\/en\/shakespeare-37\/timon-of-athens-a-paraphrase\/","og_site_name":"Webszinh\u00e1z","article_modified_time":"2024-11-04T16:15:30+00:00","og_image":[{"width":1920,"height":1080,"url":"https:\/\/webszinhaz.com\/wp-content\/uploads\/2022\/06\/21_ATEHENI_TIMON_STILL__1.1.15.jpg","type":"image\/jpeg"}],"twitter_card":"summary_large_image","twitter_misc":{"Est. reading time":"1 minute"},"schema":{"@context":"https:\/\/schema.org","@graph":[{"@type":"WebPage","@id":"https:\/\/webszinhaz.com\/en\/shakespeare-37\/timon-of-athens-a-paraphrase\/","url":"https:\/\/webszinhaz.com\/en\/shakespeare-37\/timon-of-athens-a-paraphrase\/","name":"Timon of Athens \u2013 A Paraphrase - Webszinh\u00e1z","isPartOf":{"@id":"https:\/\/webszinhaz.com\/en\/#website"},"primaryImageOfPage":{"@id":"https:\/\/webszinhaz.com\/en\/shakespeare-37\/timon-of-athens-a-paraphrase\/#primaryimage"},"image":{"@id":"https:\/\/webszinhaz.com\/en\/shakespeare-37\/timon-of-athens-a-paraphrase\/#primaryimage"},"thumbnailUrl":"https:\/\/webszinhaz.com\/wp-content\/uploads\/2022\/06\/21_ATEHENI_TIMON_STILL__1.1.15.jpg","datePublished":"2022-06-26T11:08:03+00:00","dateModified":"2024-11-04T16:15:30+00:00","breadcrumb":{"@id":"https:\/\/webszinhaz.com\/en\/shakespeare-37\/timon-of-athens-a-paraphrase\/#breadcrumb"},"inLanguage":"en-US","potentialAction":[{"@type":"ReadAction","target":["https:\/\/webszinhaz.com\/en\/shakespeare-37\/timon-of-athens-a-paraphrase\/"]}]},{"@type":"ImageObject","inLanguage":"en-US","@id":"https:\/\/webszinhaz.com\/en\/shakespeare-37\/timon-of-athens-a-paraphrase\/#primaryimage","url":"https:\/\/webszinhaz.com\/wp-content\/uploads\/2022\/06\/21_ATEHENI_TIMON_STILL__1.1.15.jpg","contentUrl":"https:\/\/webszinhaz.com\/wp-content\/uploads\/2022\/06\/21_ATEHENI_TIMON_STILL__1.1.15.jpg","width":1920,"height":1080},{"@type":"BreadcrumbList","@id":"https:\/\/webszinhaz.com\/en\/shakespeare-37\/timon-of-athens-a-paraphrase\/#breadcrumb","itemListElement":[{"@type":"ListItem","position":1,"name":"Kezd\u0151lap","item":"https:\/\/webszinhaz.com\/en\/"},{"@type":"ListItem","position":2,"name":"SHAKESPEARE \/ 37","item":"https:\/\/webszinhaz.com\/en\/shakespeare-37\/"},{"@type":"ListItem","position":3,"name":"Timon of Athens \u2013 A Paraphrase"}]},{"@type":"WebSite","@id":"https:\/\/webszinhaz.com\/en\/#website","url":"https:\/\/webszinhaz.com\/en\/","name":"Webszinh\u00e1z","description":"Nincsenek hat\u00e1rok","publisher":{"@id":"https:\/\/webszinhaz.com\/en\/#organization"},"potentialAction":[{"@type":"SearchAction","target":{"@type":"EntryPoint","urlTemplate":"https:\/\/webszinhaz.com\/en\/?s={search_term_string}"},"query-input":{"@type":"PropertyValueSpecification","valueRequired":true,"valueName":"search_term_string"}}],"inLanguage":"en-US"},{"@type":"Organization","@id":"https:\/\/webszinhaz.com\/en\/#organization","name":"Webszinh\u00e1z","url":"https:\/\/webszinhaz.com\/en\/","logo":{"@type":"ImageObject","inLanguage":"en-US","@id":"https:\/\/webszinhaz.com\/en\/#\/schema\/logo\/image\/","url":"https:\/\/webszinhaz.com\/wp-content\/uploads\/2022\/01\/WEBSZINHAZLOGO_WEBSZ_grey_white-1.png","contentUrl":"https:\/\/webszinhaz.com\/wp-content\/uploads\/2022\/01\/WEBSZINHAZLOGO_WEBSZ_grey_white-1.png","width":141,"height":70,"caption":"Webszinh\u00e1z"},"image":{"@id":"https:\/\/webszinhaz.com\/en\/#\/schema\/logo\/image\/"}}]}},"_links":{"self":[{"href":"https:\/\/webszinhaz.com\/en\/wp-json\/wp\/v2\/pages\/4901","targetHints":{"allow":["GET"]}}],"collection":[{"href":"https:\/\/webszinhaz.com\/en\/wp-json\/wp\/v2\/pages"}],"about":[{"href":"https:\/\/webszinhaz.com\/en\/wp-json\/wp\/v2\/types\/page"}],"author":[{"embeddable":true,"href":"https:\/\/webszinhaz.com\/en\/wp-json\/wp\/v2\/users\/1"}],"replies":[{"embeddable":true,"href":"https:\/\/webszinhaz.com\/en\/wp-json\/wp\/v2\/comments?post=4901"}],"version-history":[{"count":0,"href":"https:\/\/webszinhaz.com\/en\/wp-json\/wp\/v2\/pages\/4901\/revisions"}],"up":[{"embeddable":true,"href":"https:\/\/webszinhaz.com\/en\/wp-json\/wp\/v2\/pages\/4364"}],"wp:featuredmedia":[{"embeddable":true,"href":"https:\/\/webszinhaz.com\/en\/wp-json\/wp\/v2\/media\/4234"}],"wp:attachment":[{"href":"https:\/\/webszinhaz.com\/en\/wp-json\/wp\/v2\/media?parent=4901"}],"wp:term":[{"taxonomy":"category","embeddable":true,"href":"https:\/\/webszinhaz.com\/en\/wp-json\/wp\/v2\/categories?post=4901"},{"taxonomy":"post_tag","embeddable":true,"href":"https:\/\/webszinhaz.com\/en\/wp-json\/wp\/v2\/tags?post=4901"}],"curies":[{"name":"wp","href":"https:\/\/api.w.org\/{rel}","templated":true}]}}