{"id":5657,"date":"2024-09-09T10:52:56","date_gmt":"2024-09-09T10:52:56","guid":{"rendered":"https:\/\/webszinhaz.com\/shakespeare-37\/troilus-and-cressida\/"},"modified":"2024-11-04T16:15:30","modified_gmt":"2024-11-04T16:15:30","slug":"troilus-and-cressida","status":"publish","type":"page","link":"https:\/\/webszinhaz.com\/en\/shakespeare-37\/troilus-and-cressida\/","title":{"rendered":"Troilus and Cressida"},"content":{"rendered":"<p>[elementor-template id=\u201d1323\u2033]<\/p>\n \t\t<div class=\"woocommerce\">\n\t\t\t<div class=\"woocommerce-info wc-memberships-restriction-message wc-memberships-message wc-memberships-content-restricted-message\">\n\t\t\t\tTo access this page, you must purchase <span class=\"wc-memberships-products-grant-access\"><a href=\"https:\/\/webszinhaz.com\/termek\/kemeny-zsofia-troilus-es-cressida\/\">Kem\u00e9ny Zs\u00f3fia: Troilus \u00e9s Cressida<\/a><\/span>.\t\t    <\/div>\n\t\t<\/div>\n\t\t","protected":false},"excerpt":{"rendered":"<p>[elementor-template id=\u201d1323\u2033]<\/p>\n<div class=\"woocommerce\">\n<div class=\"woocommerce-info wc-memberships-restriction-message wc-memberships-message wc-memberships-content-restricted-message\">\n\t\t\t\tTo access this page, you must purchase <span class=\"wc-memberships-products-grant-access\"><a href=\"https:\/\/webszinhaz.com\/termek\/kemeny-zsofia-troilus-es-cressida\/\">Kem\u00e9ny Zs\u00f3fia: Troilus \u00e9s Cressida<\/a><\/span>.\t\t    <\/div>\n<\/p><\/div>\n","protected":false},"author":49,"featured_media":5238,"parent":4364,"menu_order":0,"comment_status":"closed","ping_status":"closed","template":"","meta":{"_acf_changed":false,"footnotes":""},"categories":[52,99],"tags":[115],"class_list":["post-5657","page","type-page","status-publish","has-post-thumbnail","hentry","category-sh-37-en","category-sh-37-festival-3-season-en","tag-nezoi-oldal-en","membership-content","access-restricted"],"acf":[],"yoast_head":"<!-- This site is optimized with the Yoast SEO Premium plugin v24.9 (Yoast SEO v24.9) - https:\/\/yoast.com\/wordpress\/plugins\/seo\/ -->\n<title>Troilus and Cressida - Webszinh\u00e1z<\/title>\n<meta name=\"robots\" content=\"index, follow, max-snippet:-1, max-image-preview:large, max-video-preview:-1\" \/>\n<link rel=\"canonical\" href=\"https:\/\/webszinhaz.com\/en\/shakespeare-37\/troilus-and-cressida\/\" \/>\n<meta property=\"og:locale\" content=\"en_US\" \/>\n<meta property=\"og:type\" content=\"article\" \/>\n<meta property=\"og:title\" content=\"Troilus and Cressida\" \/>\n<meta property=\"og:description\" content=\"[elementor-template id=\u201d1323\u2033] To access this page, you must purchase Kem\u00e9ny Zs\u00f3fia: Troilus \u00e9s Cressida.\" \/>\n<meta property=\"og:url\" content=\"https:\/\/webszinhaz.com\/en\/shakespeare-37\/troilus-and-cressida\/\" \/>\n<meta property=\"og:site_name\" content=\"Webszinh\u00e1z\" \/>\n<meta property=\"article:modified_time\" content=\"2024-11-04T16:15:30+00:00\" \/>\n<meta property=\"og:image\" content=\"https:\/\/webszinhaz.com\/wp-content\/uploads\/2024\/09\/troilus_es_cressida_still_-8-e1725877950235.jpg\" \/>\n\t<meta property=\"og:image:width\" content=\"1920\" \/>\n\t<meta property=\"og:image:height\" content=\"1080\" \/>\n\t<meta property=\"og:image:type\" content=\"image\/jpeg\" \/>\n<meta name=\"twitter:card\" content=\"summary_large_image\" \/>\n<meta name=\"twitter:label1\" content=\"Est. reading time\" \/>\n\t<meta name=\"twitter:data1\" content=\"1 minute\" \/>\n<script type=\"application\/ld+json\" class=\"yoast-schema-graph\">{\"@context\":\"https:\/\/schema.org\",\"@graph\":[{\"@type\":\"WebPage\",\"@id\":\"https:\/\/webszinhaz.com\/en\/shakespeare-37\/troilus-and-cressida\/\",\"url\":\"https:\/\/webszinhaz.com\/en\/shakespeare-37\/troilus-and-cressida\/\",\"name\":\"Troilus and Cressida - Webszinh\u00e1z\",\"isPartOf\":{\"@id\":\"https:\/\/webszinhaz.com\/en\/#website\"},\"primaryImageOfPage\":{\"@id\":\"https:\/\/webszinhaz.com\/en\/shakespeare-37\/troilus-and-cressida\/#primaryimage\"},\"image\":{\"@id\":\"https:\/\/webszinhaz.com\/en\/shakespeare-37\/troilus-and-cressida\/#primaryimage\"},\"thumbnailUrl\":\"https:\/\/webszinhaz.com\/wp-content\/uploads\/2024\/09\/troilus_es_cressida_still_-8-e1725877950235.jpg\",\"datePublished\":\"2024-09-09T10:52:56+00:00\",\"dateModified\":\"2024-11-04T16:15:30+00:00\",\"breadcrumb\":{\"@id\":\"https:\/\/webszinhaz.com\/en\/shakespeare-37\/troilus-and-cressida\/#breadcrumb\"},\"inLanguage\":\"en-US\",\"potentialAction\":[{\"@type\":\"ReadAction\",\"target\":[\"https:\/\/webszinhaz.com\/en\/shakespeare-37\/troilus-and-cressida\/\"]}]},{\"@type\":\"ImageObject\",\"inLanguage\":\"en-US\",\"@id\":\"https:\/\/webszinhaz.com\/en\/shakespeare-37\/troilus-and-cressida\/#primaryimage\",\"url\":\"https:\/\/webszinhaz.com\/wp-content\/uploads\/2024\/09\/troilus_es_cressida_still_-8-e1725877950235.jpg\",\"contentUrl\":\"https:\/\/webszinhaz.com\/wp-content\/uploads\/2024\/09\/troilus_es_cressida_still_-8-e1725877950235.jpg\",\"width\":1920,\"height\":1080},{\"@type\":\"BreadcrumbList\",\"@id\":\"https:\/\/webszinhaz.com\/en\/shakespeare-37\/troilus-and-cressida\/#breadcrumb\",\"itemListElement\":[{\"@type\":\"ListItem\",\"position\":1,\"name\":\"Kezd\u0151lap\",\"item\":\"https:\/\/webszinhaz.com\/en\/\"},{\"@type\":\"ListItem\",\"position\":2,\"name\":\"SHAKESPEARE \/ 37\",\"item\":\"https:\/\/webszinhaz.com\/en\/shakespeare-37\/\"},{\"@type\":\"ListItem\",\"position\":3,\"name\":\"Troilus and Cressida\"}]},{\"@type\":\"WebSite\",\"@id\":\"https:\/\/webszinhaz.com\/en\/#website\",\"url\":\"https:\/\/webszinhaz.com\/en\/\",\"name\":\"Webszinh\u00e1z\",\"description\":\"Nincsenek hat\u00e1rok\",\"publisher\":{\"@id\":\"https:\/\/webszinhaz.com\/en\/#organization\"},\"potentialAction\":[{\"@type\":\"SearchAction\",\"target\":{\"@type\":\"EntryPoint\",\"urlTemplate\":\"https:\/\/webszinhaz.com\/en\/?s={search_term_string}\"},\"query-input\":{\"@type\":\"PropertyValueSpecification\",\"valueRequired\":true,\"valueName\":\"search_term_string\"}}],\"inLanguage\":\"en-US\"},{\"@type\":\"Organization\",\"@id\":\"https:\/\/webszinhaz.com\/en\/#organization\",\"name\":\"Webszinh\u00e1z\",\"url\":\"https:\/\/webszinhaz.com\/en\/\",\"logo\":{\"@type\":\"ImageObject\",\"inLanguage\":\"en-US\",\"@id\":\"https:\/\/webszinhaz.com\/en\/#\/schema\/logo\/image\/\",\"url\":\"https:\/\/webszinhaz.com\/wp-content\/uploads\/2022\/01\/WEBSZINHAZLOGO_WEBSZ_grey_white-1.png\",\"contentUrl\":\"https:\/\/webszinhaz.com\/wp-content\/uploads\/2022\/01\/WEBSZINHAZLOGO_WEBSZ_grey_white-1.png\",\"width\":141,\"height\":70,\"caption\":\"Webszinh\u00e1z\"},\"image\":{\"@id\":\"https:\/\/webszinhaz.com\/en\/#\/schema\/logo\/image\/\"}}]}<\/script>\n<!-- \/ Yoast SEO Premium plugin. -->","yoast_head_json":{"title":"Troilus and Cressida - Webszinh\u00e1z","robots":{"index":"index","follow":"follow","max-snippet":"max-snippet:-1","max-image-preview":"max-image-preview:large","max-video-preview":"max-video-preview:-1"},"canonical":"https:\/\/webszinhaz.com\/en\/shakespeare-37\/troilus-and-cressida\/","og_locale":"en_US","og_type":"article","og_title":"Troilus and Cressida","og_description":"[elementor-template id=\u201d1323\u2033] To access this page, you must purchase Kem\u00e9ny Zs\u00f3fia: Troilus \u00e9s Cressida.","og_url":"https:\/\/webszinhaz.com\/en\/shakespeare-37\/troilus-and-cressida\/","og_site_name":"Webszinh\u00e1z","article_modified_time":"2024-11-04T16:15:30+00:00","og_image":[{"width":1920,"height":1080,"url":"https:\/\/webszinhaz.com\/wp-content\/uploads\/2024\/09\/troilus_es_cressida_still_-8-e1725877950235.jpg","type":"image\/jpeg"}],"twitter_card":"summary_large_image","twitter_misc":{"Est. reading time":"1 minute"},"schema":{"@context":"https:\/\/schema.org","@graph":[{"@type":"WebPage","@id":"https:\/\/webszinhaz.com\/en\/shakespeare-37\/troilus-and-cressida\/","url":"https:\/\/webszinhaz.com\/en\/shakespeare-37\/troilus-and-cressida\/","name":"Troilus and Cressida - Webszinh\u00e1z","isPartOf":{"@id":"https:\/\/webszinhaz.com\/en\/#website"},"primaryImageOfPage":{"@id":"https:\/\/webszinhaz.com\/en\/shakespeare-37\/troilus-and-cressida\/#primaryimage"},"image":{"@id":"https:\/\/webszinhaz.com\/en\/shakespeare-37\/troilus-and-cressida\/#primaryimage"},"thumbnailUrl":"https:\/\/webszinhaz.com\/wp-content\/uploads\/2024\/09\/troilus_es_cressida_still_-8-e1725877950235.jpg","datePublished":"2024-09-09T10:52:56+00:00","dateModified":"2024-11-04T16:15:30+00:00","breadcrumb":{"@id":"https:\/\/webszinhaz.com\/en\/shakespeare-37\/troilus-and-cressida\/#breadcrumb"},"inLanguage":"en-US","potentialAction":[{"@type":"ReadAction","target":["https:\/\/webszinhaz.com\/en\/shakespeare-37\/troilus-and-cressida\/"]}]},{"@type":"ImageObject","inLanguage":"en-US","@id":"https:\/\/webszinhaz.com\/en\/shakespeare-37\/troilus-and-cressida\/#primaryimage","url":"https:\/\/webszinhaz.com\/wp-content\/uploads\/2024\/09\/troilus_es_cressida_still_-8-e1725877950235.jpg","contentUrl":"https:\/\/webszinhaz.com\/wp-content\/uploads\/2024\/09\/troilus_es_cressida_still_-8-e1725877950235.jpg","width":1920,"height":1080},{"@type":"BreadcrumbList","@id":"https:\/\/webszinhaz.com\/en\/shakespeare-37\/troilus-and-cressida\/#breadcrumb","itemListElement":[{"@type":"ListItem","position":1,"name":"Kezd\u0151lap","item":"https:\/\/webszinhaz.com\/en\/"},{"@type":"ListItem","position":2,"name":"SHAKESPEARE \/ 37","item":"https:\/\/webszinhaz.com\/en\/shakespeare-37\/"},{"@type":"ListItem","position":3,"name":"Troilus and Cressida"}]},{"@type":"WebSite","@id":"https:\/\/webszinhaz.com\/en\/#website","url":"https:\/\/webszinhaz.com\/en\/","name":"Webszinh\u00e1z","description":"Nincsenek hat\u00e1rok","publisher":{"@id":"https:\/\/webszinhaz.com\/en\/#organization"},"potentialAction":[{"@type":"SearchAction","target":{"@type":"EntryPoint","urlTemplate":"https:\/\/webszinhaz.com\/en\/?s={search_term_string}"},"query-input":{"@type":"PropertyValueSpecification","valueRequired":true,"valueName":"search_term_string"}}],"inLanguage":"en-US"},{"@type":"Organization","@id":"https:\/\/webszinhaz.com\/en\/#organization","name":"Webszinh\u00e1z","url":"https:\/\/webszinhaz.com\/en\/","logo":{"@type":"ImageObject","inLanguage":"en-US","@id":"https:\/\/webszinhaz.com\/en\/#\/schema\/logo\/image\/","url":"https:\/\/webszinhaz.com\/wp-content\/uploads\/2022\/01\/WEBSZINHAZLOGO_WEBSZ_grey_white-1.png","contentUrl":"https:\/\/webszinhaz.com\/wp-content\/uploads\/2022\/01\/WEBSZINHAZLOGO_WEBSZ_grey_white-1.png","width":141,"height":70,"caption":"Webszinh\u00e1z"},"image":{"@id":"https:\/\/webszinhaz.com\/en\/#\/schema\/logo\/image\/"}}]}},"_links":{"self":[{"href":"https:\/\/webszinhaz.com\/en\/wp-json\/wp\/v2\/pages\/5657","targetHints":{"allow":["GET"]}}],"collection":[{"href":"https:\/\/webszinhaz.com\/en\/wp-json\/wp\/v2\/pages"}],"about":[{"href":"https:\/\/webszinhaz.com\/en\/wp-json\/wp\/v2\/types\/page"}],"author":[{"embeddable":true,"href":"https:\/\/webszinhaz.com\/en\/wp-json\/wp\/v2\/users\/49"}],"replies":[{"embeddable":true,"href":"https:\/\/webszinhaz.com\/en\/wp-json\/wp\/v2\/comments?post=5657"}],"version-history":[{"count":0,"href":"https:\/\/webszinhaz.com\/en\/wp-json\/wp\/v2\/pages\/5657\/revisions"}],"up":[{"embeddable":true,"href":"https:\/\/webszinhaz.com\/en\/wp-json\/wp\/v2\/pages\/4364"}],"wp:featuredmedia":[{"embeddable":true,"href":"https:\/\/webszinhaz.com\/en\/wp-json\/wp\/v2\/media\/5238"}],"wp:attachment":[{"href":"https:\/\/webszinhaz.com\/en\/wp-json\/wp\/v2\/media?parent=5657"}],"wp:term":[{"taxonomy":"category","embeddable":true,"href":"https:\/\/webszinhaz.com\/en\/wp-json\/wp\/v2\/categories?post=5657"},{"taxonomy":"post_tag","embeddable":true,"href":"https:\/\/webszinhaz.com\/en\/wp-json\/wp\/v2\/tags?post=5657"}],"curies":[{"name":"wp","href":"https:\/\/api.w.org\/{rel}","templated":true}]}}