{"id":6208,"date":"2024-09-17T06:55:06","date_gmt":"2024-09-17T06:55:06","guid":{"rendered":"https:\/\/webszinhaz.com\/shakespeare-37\/boys-dont-cry\/"},"modified":"2025-01-30T10:20:32","modified_gmt":"2025-01-30T10:20:32","slug":"boys-dont-cry","status":"publish","type":"page","link":"https:\/\/webszinhaz.com\/en\/shakespeare-37\/boys-dont-cry\/","title":{"rendered":"Boys Don&#8217;t Cry"},"content":{"rendered":"<p>Time is timeless, it happens all at once or repeats itself.  Macbeth, on his way home after his victorious battle, will soon meet the three witches. The Boys Don&#8217;t Cry is a story about the moments when there is still a chance to change fate, when witch queens and flesh and blood men could have chosen peace.<br \/>\nThis scene was written in March 2022, a few weeks after the outbreak of the Ukrainian-Russian war. The war had infiltrated every thought.<\/p>\n \t\t<div class=\"woocommerce\">\n\t\t\t<div class=\"woocommerce-info wc-memberships-restriction-message wc-memberships-message wc-memberships-content-restricted-message\">\n\t\t\t\tTo access this page, you must purchase <span class=\"wc-memberships-products-grant-access\"><a href=\"https:\/\/webszinhaz.com\/termek\/taller-edina-a-fiuk-nem-sirnak\/\">Tall\u00e9r Edina: A fi\u00fak nem s\u00edrnak<\/a><\/span>.\t\t    <\/div>\n\t\t<\/div>\n\t\t","protected":false},"excerpt":{"rendered":"<p>Time is timeless, it happens all at once or repeats itself.  Macbeth, on his way home after his victorious battle, will soon meet the three witches. The Boys Don&#8217;t Cry is a story about the moments when there is still a chance to change fate, when witch queens and flesh and blood men could have chosen peace.<br \/>\nThis scene was written in March 2022, a few weeks after the outbreak of the Ukrainian-Russian war. The war had infiltrated every thought.<\/p>\n<div class=\"woocommerce\">\n<div class=\"woocommerce-info wc-memberships-restriction-message wc-memberships-message wc-memberships-content-restricted-message\">\n\t\t\t\tTo access this page, you must purchase <span class=\"wc-memberships-products-grant-access\"><a href=\"https:\/\/webszinhaz.com\/termek\/taller-edina-a-fiuk-nem-sirnak\/\">Tall\u00e9r Edina: A fi\u00fak nem s\u00edrnak<\/a><\/span>.\t\t    <\/div>\n<\/p><\/div>\n","protected":false},"author":49,"featured_media":5540,"parent":4364,"menu_order":0,"comment_status":"closed","ping_status":"closed","template":"","meta":{"_acf_changed":false,"footnotes":""},"categories":[1,97],"tags":[115],"class_list":["post-6208","page","type-page","status-publish","has-post-thumbnail","hentry","category-sh-37","category-sh-37-fesztival-3-evad","tag-nezoi-oldal-en","membership-content","access-restricted"],"acf":[],"yoast_head":"<!-- This site is optimized with the Yoast SEO Premium plugin v24.9 (Yoast SEO v24.9) - https:\/\/yoast.com\/wordpress\/plugins\/seo\/ -->\n<title>Boys Don&#039;t Cry - Webszinh\u00e1z<\/title>\n<meta name=\"robots\" content=\"index, follow, max-snippet:-1, max-image-preview:large, max-video-preview:-1\" \/>\n<link rel=\"canonical\" href=\"https:\/\/webszinhaz.com\/en\/shakespeare-37\/boys-dont-cry\/\" \/>\n<meta property=\"og:locale\" content=\"en_US\" \/>\n<meta property=\"og:type\" content=\"article\" \/>\n<meta property=\"og:title\" content=\"Boys Don&#039;t Cry\" \/>\n<meta property=\"og:description\" content=\"Time is timeless, it happens all at once or repeats itself. Macbeth, on his way home after his victorious battle, will soon meet the three witches. The Boys Don&#039;t Cry is a story about the moments when there is still a chance to change fate, when witch queens and flesh and blood men could have chosen peace. This scene was written in March 2022, a few weeks after the outbreak of the Ukrainian-Russian war. The war had infiltrated every thought.\" \/>\n<meta property=\"og:url\" content=\"https:\/\/webszinhaz.com\/en\/shakespeare-37\/boys-dont-cry\/\" \/>\n<meta property=\"og:site_name\" content=\"Webszinh\u00e1z\" \/>\n<meta property=\"article:modified_time\" content=\"2025-01-30T10:20:32+00:00\" \/>\n<meta property=\"og:image\" content=\"https:\/\/webszinhaz.com\/wp-content\/uploads\/2024\/09\/sajat-still-1024x576.png\" \/>\n\t<meta property=\"og:image:width\" content=\"1024\" \/>\n\t<meta property=\"og:image:height\" content=\"576\" \/>\n\t<meta property=\"og:image:type\" content=\"image\/png\" \/>\n<meta name=\"twitter:card\" content=\"summary_large_image\" \/>\n<script type=\"application\/ld+json\" class=\"yoast-schema-graph\">{\"@context\":\"https:\/\/schema.org\",\"@graph\":[{\"@type\":\"WebPage\",\"@id\":\"https:\/\/webszinhaz.com\/en\/shakespeare-37\/boys-dont-cry\/\",\"url\":\"https:\/\/webszinhaz.com\/en\/shakespeare-37\/boys-dont-cry\/\",\"name\":\"Boys Don't Cry - Webszinh\u00e1z\",\"isPartOf\":{\"@id\":\"https:\/\/webszinhaz.com\/en\/#website\"},\"primaryImageOfPage\":{\"@id\":\"https:\/\/webszinhaz.com\/en\/shakespeare-37\/boys-dont-cry\/#primaryimage\"},\"image\":{\"@id\":\"https:\/\/webszinhaz.com\/en\/shakespeare-37\/boys-dont-cry\/#primaryimage\"},\"thumbnailUrl\":\"https:\/\/webszinhaz.com\/wp-content\/uploads\/2024\/09\/sajat-still.png\",\"datePublished\":\"2024-09-17T06:55:06+00:00\",\"dateModified\":\"2025-01-30T10:20:32+00:00\",\"breadcrumb\":{\"@id\":\"https:\/\/webszinhaz.com\/en\/shakespeare-37\/boys-dont-cry\/#breadcrumb\"},\"inLanguage\":\"en-US\",\"potentialAction\":[{\"@type\":\"ReadAction\",\"target\":[\"https:\/\/webszinhaz.com\/en\/shakespeare-37\/boys-dont-cry\/\"]}]},{\"@type\":\"ImageObject\",\"inLanguage\":\"en-US\",\"@id\":\"https:\/\/webszinhaz.com\/en\/shakespeare-37\/boys-dont-cry\/#primaryimage\",\"url\":\"https:\/\/webszinhaz.com\/wp-content\/uploads\/2024\/09\/sajat-still.png\",\"contentUrl\":\"https:\/\/webszinhaz.com\/wp-content\/uploads\/2024\/09\/sajat-still.png\",\"width\":1920,\"height\":1080},{\"@type\":\"BreadcrumbList\",\"@id\":\"https:\/\/webszinhaz.com\/en\/shakespeare-37\/boys-dont-cry\/#breadcrumb\",\"itemListElement\":[{\"@type\":\"ListItem\",\"position\":1,\"name\":\"Kezd\u0151lap\",\"item\":\"https:\/\/webszinhaz.com\/en\/\"},{\"@type\":\"ListItem\",\"position\":2,\"name\":\"SHAKESPEARE \/ 37\",\"item\":\"https:\/\/webszinhaz.com\/en\/shakespeare-37\/\"},{\"@type\":\"ListItem\",\"position\":3,\"name\":\"Boys Don&#8217;t Cry\"}]},{\"@type\":\"WebSite\",\"@id\":\"https:\/\/webszinhaz.com\/en\/#website\",\"url\":\"https:\/\/webszinhaz.com\/en\/\",\"name\":\"Webszinh\u00e1z\",\"description\":\"Nincsenek hat\u00e1rok\",\"publisher\":{\"@id\":\"https:\/\/webszinhaz.com\/en\/#organization\"},\"potentialAction\":[{\"@type\":\"SearchAction\",\"target\":{\"@type\":\"EntryPoint\",\"urlTemplate\":\"https:\/\/webszinhaz.com\/en\/?s={search_term_string}\"},\"query-input\":{\"@type\":\"PropertyValueSpecification\",\"valueRequired\":true,\"valueName\":\"search_term_string\"}}],\"inLanguage\":\"en-US\"},{\"@type\":\"Organization\",\"@id\":\"https:\/\/webszinhaz.com\/en\/#organization\",\"name\":\"Webszinh\u00e1z\",\"url\":\"https:\/\/webszinhaz.com\/en\/\",\"logo\":{\"@type\":\"ImageObject\",\"inLanguage\":\"en-US\",\"@id\":\"https:\/\/webszinhaz.com\/en\/#\/schema\/logo\/image\/\",\"url\":\"https:\/\/webszinhaz.com\/wp-content\/uploads\/2022\/01\/WEBSZINHAZLOGO_WEBSZ_grey_white-1.png\",\"contentUrl\":\"https:\/\/webszinhaz.com\/wp-content\/uploads\/2022\/01\/WEBSZINHAZLOGO_WEBSZ_grey_white-1.png\",\"width\":141,\"height\":70,\"caption\":\"Webszinh\u00e1z\"},\"image\":{\"@id\":\"https:\/\/webszinhaz.com\/en\/#\/schema\/logo\/image\/\"}}]}<\/script>\n<!-- \/ Yoast SEO Premium plugin. -->","yoast_head_json":{"title":"Boys Don't Cry - Webszinh\u00e1z","robots":{"index":"index","follow":"follow","max-snippet":"max-snippet:-1","max-image-preview":"max-image-preview:large","max-video-preview":"max-video-preview:-1"},"canonical":"https:\/\/webszinhaz.com\/en\/shakespeare-37\/boys-dont-cry\/","og_locale":"en_US","og_type":"article","og_title":"Boys Don't Cry","og_description":"Time is timeless, it happens all at once or repeats itself. Macbeth, on his way home after his victorious battle, will soon meet the three witches. The Boys Don't Cry is a story about the moments when there is still a chance to change fate, when witch queens and flesh and blood men could have chosen peace. This scene was written in March 2022, a few weeks after the outbreak of the Ukrainian-Russian war. The war had infiltrated every thought.","og_url":"https:\/\/webszinhaz.com\/en\/shakespeare-37\/boys-dont-cry\/","og_site_name":"Webszinh\u00e1z","article_modified_time":"2025-01-30T10:20:32+00:00","og_image":[{"width":1024,"height":576,"url":"https:\/\/webszinhaz.com\/wp-content\/uploads\/2024\/09\/sajat-still-1024x576.png","type":"image\/png"}],"twitter_card":"summary_large_image","schema":{"@context":"https:\/\/schema.org","@graph":[{"@type":"WebPage","@id":"https:\/\/webszinhaz.com\/en\/shakespeare-37\/boys-dont-cry\/","url":"https:\/\/webszinhaz.com\/en\/shakespeare-37\/boys-dont-cry\/","name":"Boys Don't Cry - Webszinh\u00e1z","isPartOf":{"@id":"https:\/\/webszinhaz.com\/en\/#website"},"primaryImageOfPage":{"@id":"https:\/\/webszinhaz.com\/en\/shakespeare-37\/boys-dont-cry\/#primaryimage"},"image":{"@id":"https:\/\/webszinhaz.com\/en\/shakespeare-37\/boys-dont-cry\/#primaryimage"},"thumbnailUrl":"https:\/\/webszinhaz.com\/wp-content\/uploads\/2024\/09\/sajat-still.png","datePublished":"2024-09-17T06:55:06+00:00","dateModified":"2025-01-30T10:20:32+00:00","breadcrumb":{"@id":"https:\/\/webszinhaz.com\/en\/shakespeare-37\/boys-dont-cry\/#breadcrumb"},"inLanguage":"en-US","potentialAction":[{"@type":"ReadAction","target":["https:\/\/webszinhaz.com\/en\/shakespeare-37\/boys-dont-cry\/"]}]},{"@type":"ImageObject","inLanguage":"en-US","@id":"https:\/\/webszinhaz.com\/en\/shakespeare-37\/boys-dont-cry\/#primaryimage","url":"https:\/\/webszinhaz.com\/wp-content\/uploads\/2024\/09\/sajat-still.png","contentUrl":"https:\/\/webszinhaz.com\/wp-content\/uploads\/2024\/09\/sajat-still.png","width":1920,"height":1080},{"@type":"BreadcrumbList","@id":"https:\/\/webszinhaz.com\/en\/shakespeare-37\/boys-dont-cry\/#breadcrumb","itemListElement":[{"@type":"ListItem","position":1,"name":"Kezd\u0151lap","item":"https:\/\/webszinhaz.com\/en\/"},{"@type":"ListItem","position":2,"name":"SHAKESPEARE \/ 37","item":"https:\/\/webszinhaz.com\/en\/shakespeare-37\/"},{"@type":"ListItem","position":3,"name":"Boys Don&#8217;t Cry"}]},{"@type":"WebSite","@id":"https:\/\/webszinhaz.com\/en\/#website","url":"https:\/\/webszinhaz.com\/en\/","name":"Webszinh\u00e1z","description":"Nincsenek hat\u00e1rok","publisher":{"@id":"https:\/\/webszinhaz.com\/en\/#organization"},"potentialAction":[{"@type":"SearchAction","target":{"@type":"EntryPoint","urlTemplate":"https:\/\/webszinhaz.com\/en\/?s={search_term_string}"},"query-input":{"@type":"PropertyValueSpecification","valueRequired":true,"valueName":"search_term_string"}}],"inLanguage":"en-US"},{"@type":"Organization","@id":"https:\/\/webszinhaz.com\/en\/#organization","name":"Webszinh\u00e1z","url":"https:\/\/webszinhaz.com\/en\/","logo":{"@type":"ImageObject","inLanguage":"en-US","@id":"https:\/\/webszinhaz.com\/en\/#\/schema\/logo\/image\/","url":"https:\/\/webszinhaz.com\/wp-content\/uploads\/2022\/01\/WEBSZINHAZLOGO_WEBSZ_grey_white-1.png","contentUrl":"https:\/\/webszinhaz.com\/wp-content\/uploads\/2022\/01\/WEBSZINHAZLOGO_WEBSZ_grey_white-1.png","width":141,"height":70,"caption":"Webszinh\u00e1z"},"image":{"@id":"https:\/\/webszinhaz.com\/en\/#\/schema\/logo\/image\/"}}]}},"_links":{"self":[{"href":"https:\/\/webszinhaz.com\/en\/wp-json\/wp\/v2\/pages\/6208","targetHints":{"allow":["GET"]}}],"collection":[{"href":"https:\/\/webszinhaz.com\/en\/wp-json\/wp\/v2\/pages"}],"about":[{"href":"https:\/\/webszinhaz.com\/en\/wp-json\/wp\/v2\/types\/page"}],"author":[{"embeddable":true,"href":"https:\/\/webszinhaz.com\/en\/wp-json\/wp\/v2\/users\/49"}],"replies":[{"embeddable":true,"href":"https:\/\/webszinhaz.com\/en\/wp-json\/wp\/v2\/comments?post=6208"}],"version-history":[{"count":0,"href":"https:\/\/webszinhaz.com\/en\/wp-json\/wp\/v2\/pages\/6208\/revisions"}],"up":[{"embeddable":true,"href":"https:\/\/webszinhaz.com\/en\/wp-json\/wp\/v2\/pages\/4364"}],"wp:featuredmedia":[{"embeddable":true,"href":"https:\/\/webszinhaz.com\/en\/wp-json\/wp\/v2\/media\/5540"}],"wp:attachment":[{"href":"https:\/\/webszinhaz.com\/en\/wp-json\/wp\/v2\/media?parent=6208"}],"wp:term":[{"taxonomy":"category","embeddable":true,"href":"https:\/\/webszinhaz.com\/en\/wp-json\/wp\/v2\/categories?post=6208"},{"taxonomy":"post_tag","embeddable":true,"href":"https:\/\/webszinhaz.com\/en\/wp-json\/wp\/v2\/tags?post=6208"}],"curies":[{"name":"wp","href":"https:\/\/api.w.org\/{rel}","templated":true}]}}