{"id":4613,"date":"2022-06-05T14:59:28","date_gmt":"2022-06-05T14:59:28","guid":{"rendered":"https:\/\/webszinhaz.eazy.rocks\/termek\/time-is-the-wisest-of-all-things-that-are\/"},"modified":"2024-11-04T15:23:08","modified_gmt":"2024-11-04T15:23:08","slug":"he-said-time-is-the-wisest-of-all-things-that-are","status":"publish","type":"product","link":"https:\/\/webszinhaz.com\/en\/product\/he-said-time-is-the-wisest-of-all-things-that-are\/","title":{"rendered":"He said, &#8220;Time is the wisest of all things that are&#8221;"},"content":{"rendered":"<p><em>\u201cTime is the wisest of all things that are; for it brings everything to light.\u201d<\/em><br \/>\n-Thales<\/p>\n<p><em>\u201cLook, but not what you see.\u201d<\/em><br \/>\n-J\u00e1nos Gy\u00f6rgy Szil\u00e1gyi<\/p>\n<p>Etruscan-Corinthian Red Figures of a vernissage.<\/p>\n","protected":false},"excerpt":{"rendered":"<p><em>\u201cTime is the wisest of all things that are; for it brings everything to light.\u201d<\/em><br \/>\n-Thales<\/p>\n<p><em>\u201cLook, but not what you see.\u201d<\/em><br \/>\n-J\u00e1nos Gy\u00f6rgy Szil\u00e1gyi<\/p>\n<p>Etruscan-Corinthian Red Figures of a vernissage.<\/p>\n","protected":false},"featured_media":4183,"template":"","meta":{"_acf_changed":false},"product_brand":[],"product_cat":[60,61,103],"product_tag":[112],"class_list":{"0":"post-4613","1":"product","2":"type-product","3":"status-publish","4":"has-post-thumbnail","6":"product_cat-movies","7":"product_cat-sh37-en","8":"product_cat-sh37-festival-2-en","9":"product_tag-en-en","11":"first","12":"instock","13":"sold-individually","14":"taxable","15":"shipping-taxable","16":"purchasable","17":"product-type-simple"},"acf":[],"yoast_head":"<!-- This site is optimized with the Yoast SEO Premium plugin v24.9 (Yoast SEO v24.9) - https:\/\/yoast.com\/wordpress\/plugins\/seo\/ -->\n<title>He said, &quot;Time is the wisest of all things that are&quot; - Webszinh\u00e1z<\/title>\n<meta name=\"robots\" content=\"index, follow, max-snippet:-1, max-image-preview:large, max-video-preview:-1\" \/>\n<link rel=\"canonical\" href=\"https:\/\/webszinhaz.com\/en\/product\/he-said-time-is-the-wisest-of-all-things-that-are\/\" \/>\n<meta property=\"og:locale\" content=\"en_US\" \/>\n<meta property=\"og:type\" content=\"article\" \/>\n<meta property=\"og:title\" content=\"He said, &quot;Time is the wisest of all things that are&quot;\" \/>\n<meta property=\"og:description\" content=\"\u201cTime is the wisest of all things that are; for it brings everything to light.\u201d -Thales  \u201cLook, but not what you see.\u201d -J\u00e1nos Gy\u00f6rgy Szil\u00e1gyi  Etruscan-Corinthian Red Figures of a vernissage.\" \/>\n<meta property=\"og:url\" content=\"https:\/\/webszinhaz.com\/en\/product\/he-said-time-is-the-wisest-of-all-things-that-are\/\" \/>\n<meta property=\"og:site_name\" content=\"Webszinh\u00e1z\" \/>\n<meta property=\"article:modified_time\" content=\"2024-11-04T15:23:08+00:00\" \/>\n<meta property=\"og:image\" content=\"https:\/\/webszinhaz.com\/wp-content\/uploads\/2022\/06\/teli_rege_1.1.6_1x1.jpeg\" \/>\n\t<meta property=\"og:image:width\" content=\"1080\" \/>\n\t<meta property=\"og:image:height\" content=\"1080\" \/>\n\t<meta property=\"og:image:type\" content=\"image\/jpeg\" \/>\n<meta name=\"twitter:card\" content=\"summary_large_image\" \/>\n<meta name=\"twitter:label1\" content=\"Price\" \/>\n\t<meta name=\"twitter:data1\" content=\"800&nbsp;&#070;&#116;\" \/>\n\t<meta name=\"twitter:label2\" content=\"Availability\" \/>\n\t<meta name=\"twitter:data2\" content=\"In stock\" \/>\n<script type=\"application\/ld+json\" class=\"yoast-schema-graph\">{\"@context\":\"https:\/\/schema.org\",\"@graph\":[{\"@type\":\"WebPage\",\"@id\":\"https:\/\/webszinhaz.com\/en\/product\/he-said-time-is-the-wisest-of-all-things-that-are\/\",\"url\":\"https:\/\/webszinhaz.com\/en\/product\/he-said-time-is-the-wisest-of-all-things-that-are\/\",\"name\":\"He said, \\\"Time is the wisest of all things that are\\\" - Webszinh\u00e1z\",\"isPartOf\":{\"@id\":\"https:\/\/webszinhaz.com\/en\/#website\"},\"primaryImageOfPage\":{\"@id\":\"https:\/\/webszinhaz.com\/en\/product\/he-said-time-is-the-wisest-of-all-things-that-are\/#primaryimage\"},\"image\":{\"@id\":\"https:\/\/webszinhaz.com\/en\/product\/he-said-time-is-the-wisest-of-all-things-that-are\/#primaryimage\"},\"thumbnailUrl\":\"https:\/\/webszinhaz.com\/wp-content\/uploads\/2022\/06\/teli_rege_1.1.6_1x1.jpeg\",\"datePublished\":\"2022-06-05T14:59:28+00:00\",\"dateModified\":\"2024-11-04T15:23:08+00:00\",\"breadcrumb\":{\"@id\":\"https:\/\/webszinhaz.com\/en\/product\/he-said-time-is-the-wisest-of-all-things-that-are\/#breadcrumb\"},\"inLanguage\":\"en-US\",\"potentialAction\":[{\"@type\":\"ReadAction\",\"target\":[\"https:\/\/webszinhaz.com\/en\/product\/he-said-time-is-the-wisest-of-all-things-that-are\/\"]}]},{\"@type\":\"ImageObject\",\"inLanguage\":\"en-US\",\"@id\":\"https:\/\/webszinhaz.com\/en\/product\/he-said-time-is-the-wisest-of-all-things-that-are\/#primaryimage\",\"url\":\"https:\/\/webszinhaz.com\/wp-content\/uploads\/2022\/06\/teli_rege_1.1.6_1x1.jpeg\",\"contentUrl\":\"https:\/\/webszinhaz.com\/wp-content\/uploads\/2022\/06\/teli_rege_1.1.6_1x1.jpeg\",\"width\":1080,\"height\":1080},{\"@type\":\"BreadcrumbList\",\"@id\":\"https:\/\/webszinhaz.com\/en\/product\/he-said-time-is-the-wisest-of-all-things-that-are\/#breadcrumb\",\"itemListElement\":[{\"@type\":\"ListItem\",\"position\":1,\"name\":\"Kezd\u0151lap\",\"item\":\"https:\/\/webszinhaz.com\/en\/\"},{\"@type\":\"ListItem\",\"position\":2,\"name\":\"Shop\",\"item\":\"https:\/\/webszinhaz.com\/en\/shop\/\"},{\"@type\":\"ListItem\",\"position\":3,\"name\":\"He said, &#8222;Time is the wisest of all things that are&#8221;\"}]},{\"@type\":\"WebSite\",\"@id\":\"https:\/\/webszinhaz.com\/en\/#website\",\"url\":\"https:\/\/webszinhaz.com\/en\/\",\"name\":\"Webszinh\u00e1z\",\"description\":\"Nincsenek hat\u00e1rok\",\"publisher\":{\"@id\":\"https:\/\/webszinhaz.com\/en\/#organization\"},\"potentialAction\":[{\"@type\":\"SearchAction\",\"target\":{\"@type\":\"EntryPoint\",\"urlTemplate\":\"https:\/\/webszinhaz.com\/en\/?s={search_term_string}\"},\"query-input\":{\"@type\":\"PropertyValueSpecification\",\"valueRequired\":true,\"valueName\":\"search_term_string\"}}],\"inLanguage\":\"en-US\"},{\"@type\":\"Organization\",\"@id\":\"https:\/\/webszinhaz.com\/en\/#organization\",\"name\":\"Webszinh\u00e1z\",\"url\":\"https:\/\/webszinhaz.com\/en\/\",\"logo\":{\"@type\":\"ImageObject\",\"inLanguage\":\"en-US\",\"@id\":\"https:\/\/webszinhaz.com\/en\/#\/schema\/logo\/image\/\",\"url\":\"https:\/\/webszinhaz.com\/wp-content\/uploads\/2022\/01\/WEBSZINHAZLOGO_WEBSZ_grey_white-1.png\",\"contentUrl\":\"https:\/\/webszinhaz.com\/wp-content\/uploads\/2022\/01\/WEBSZINHAZLOGO_WEBSZ_grey_white-1.png\",\"width\":141,\"height\":70,\"caption\":\"Webszinh\u00e1z\"},\"image\":{\"@id\":\"https:\/\/webszinhaz.com\/en\/#\/schema\/logo\/image\/\"}}]}<\/script>\n<meta property=\"product:price:amount\" content=\"800\" \/>\n<meta property=\"product:price:currency\" content=\"HUF\" \/>\n<meta property=\"og:availability\" content=\"instock\" \/>\n<meta property=\"product:availability\" content=\"instock\" \/>\n<meta property=\"product:condition\" content=\"new\" \/>\n<!-- \/ Yoast SEO Premium plugin. -->","yoast_head_json":{"title":"He said, \"Time is the wisest of all things that are\" - Webszinh\u00e1z","robots":{"index":"index","follow":"follow","max-snippet":"max-snippet:-1","max-image-preview":"max-image-preview:large","max-video-preview":"max-video-preview:-1"},"canonical":"https:\/\/webszinhaz.com\/en\/product\/he-said-time-is-the-wisest-of-all-things-that-are\/","og_locale":"en_US","og_type":"article","og_title":"He said, \"Time is the wisest of all things that are\"","og_description":"\u201cTime is the wisest of all things that are; for it brings everything to light.\u201d -Thales  \u201cLook, but not what you see.\u201d -J\u00e1nos Gy\u00f6rgy Szil\u00e1gyi  Etruscan-Corinthian Red Figures of a vernissage.","og_url":"https:\/\/webszinhaz.com\/en\/product\/he-said-time-is-the-wisest-of-all-things-that-are\/","og_site_name":"Webszinh\u00e1z","article_modified_time":"2024-11-04T15:23:08+00:00","og_image":[{"width":1080,"height":1080,"url":"https:\/\/webszinhaz.com\/wp-content\/uploads\/2022\/06\/teli_rege_1.1.6_1x1.jpeg","type":"image\/jpeg"}],"twitter_card":"summary_large_image","twitter_misc":{"Price":"800&nbsp;&#70;&#116;","Availability":"In stock"},"schema":{"@context":"https:\/\/schema.org","@graph":[{"@type":"WebPage","@id":"https:\/\/webszinhaz.com\/en\/product\/he-said-time-is-the-wisest-of-all-things-that-are\/","url":"https:\/\/webszinhaz.com\/en\/product\/he-said-time-is-the-wisest-of-all-things-that-are\/","name":"He said, \"Time is the wisest of all things that are\" - Webszinh\u00e1z","isPartOf":{"@id":"https:\/\/webszinhaz.com\/en\/#website"},"primaryImageOfPage":{"@id":"https:\/\/webszinhaz.com\/en\/product\/he-said-time-is-the-wisest-of-all-things-that-are\/#primaryimage"},"image":{"@id":"https:\/\/webszinhaz.com\/en\/product\/he-said-time-is-the-wisest-of-all-things-that-are\/#primaryimage"},"thumbnailUrl":"https:\/\/webszinhaz.com\/wp-content\/uploads\/2022\/06\/teli_rege_1.1.6_1x1.jpeg","datePublished":"2022-06-05T14:59:28+00:00","dateModified":"2024-11-04T15:23:08+00:00","breadcrumb":{"@id":"https:\/\/webszinhaz.com\/en\/product\/he-said-time-is-the-wisest-of-all-things-that-are\/#breadcrumb"},"inLanguage":"en-US","potentialAction":[{"@type":"ReadAction","target":["https:\/\/webszinhaz.com\/en\/product\/he-said-time-is-the-wisest-of-all-things-that-are\/"]}]},{"@type":"ImageObject","inLanguage":"en-US","@id":"https:\/\/webszinhaz.com\/en\/product\/he-said-time-is-the-wisest-of-all-things-that-are\/#primaryimage","url":"https:\/\/webszinhaz.com\/wp-content\/uploads\/2022\/06\/teli_rege_1.1.6_1x1.jpeg","contentUrl":"https:\/\/webszinhaz.com\/wp-content\/uploads\/2022\/06\/teli_rege_1.1.6_1x1.jpeg","width":1080,"height":1080},{"@type":"BreadcrumbList","@id":"https:\/\/webszinhaz.com\/en\/product\/he-said-time-is-the-wisest-of-all-things-that-are\/#breadcrumb","itemListElement":[{"@type":"ListItem","position":1,"name":"Kezd\u0151lap","item":"https:\/\/webszinhaz.com\/en\/"},{"@type":"ListItem","position":2,"name":"Shop","item":"https:\/\/webszinhaz.com\/en\/shop\/"},{"@type":"ListItem","position":3,"name":"He said, &#8222;Time is the wisest of all things that are&#8221;"}]},{"@type":"WebSite","@id":"https:\/\/webszinhaz.com\/en\/#website","url":"https:\/\/webszinhaz.com\/en\/","name":"Webszinh\u00e1z","description":"Nincsenek hat\u00e1rok","publisher":{"@id":"https:\/\/webszinhaz.com\/en\/#organization"},"potentialAction":[{"@type":"SearchAction","target":{"@type":"EntryPoint","urlTemplate":"https:\/\/webszinhaz.com\/en\/?s={search_term_string}"},"query-input":{"@type":"PropertyValueSpecification","valueRequired":true,"valueName":"search_term_string"}}],"inLanguage":"en-US"},{"@type":"Organization","@id":"https:\/\/webszinhaz.com\/en\/#organization","name":"Webszinh\u00e1z","url":"https:\/\/webszinhaz.com\/en\/","logo":{"@type":"ImageObject","inLanguage":"en-US","@id":"https:\/\/webszinhaz.com\/en\/#\/schema\/logo\/image\/","url":"https:\/\/webszinhaz.com\/wp-content\/uploads\/2022\/01\/WEBSZINHAZLOGO_WEBSZ_grey_white-1.png","contentUrl":"https:\/\/webszinhaz.com\/wp-content\/uploads\/2022\/01\/WEBSZINHAZLOGO_WEBSZ_grey_white-1.png","width":141,"height":70,"caption":"Webszinh\u00e1z"},"image":{"@id":"https:\/\/webszinhaz.com\/en\/#\/schema\/logo\/image\/"}}]},"product_price_amount":"800","product_price_currency":"HUF","og_availability":"instock","product_availability":"instock","product_condition":"new"},"_links":{"self":[{"href":"https:\/\/webszinhaz.com\/en\/wp-json\/wp\/v2\/product\/4613","targetHints":{"allow":["GET"]}}],"collection":[{"href":"https:\/\/webszinhaz.com\/en\/wp-json\/wp\/v2\/product"}],"about":[{"href":"https:\/\/webszinhaz.com\/en\/wp-json\/wp\/v2\/types\/product"}],"version-history":[{"count":0,"href":"https:\/\/webszinhaz.com\/en\/wp-json\/wp\/v2\/product\/4613\/revisions"}],"wp:featuredmedia":[{"embeddable":true,"href":"https:\/\/webszinhaz.com\/en\/wp-json\/wp\/v2\/media\/4183"}],"wp:attachment":[{"href":"https:\/\/webszinhaz.com\/en\/wp-json\/wp\/v2\/media?parent=4613"}],"wp:term":[{"taxonomy":"product_brand","embeddable":true,"href":"https:\/\/webszinhaz.com\/en\/wp-json\/wp\/v2\/product_brand?post=4613"},{"taxonomy":"product_cat","embeddable":true,"href":"https:\/\/webszinhaz.com\/en\/wp-json\/wp\/v2\/product_cat?post=4613"},{"taxonomy":"product_tag","embeddable":true,"href":"https:\/\/webszinhaz.com\/en\/wp-json\/wp\/v2\/product_tag?post=4613"}],"curies":[{"name":"wp","href":"https:\/\/api.w.org\/{rel}","templated":true}]}}