{"id":6036,"date":"2024-09-16T10:01:00","date_gmt":"2024-09-16T10:01:00","guid":{"rendered":"https:\/\/webszinhaz.com\/termek\/agnes-meszoly-re-cup\/"},"modified":"2025-01-21T13:58:27","modified_gmt":"2025-01-21T13:58:27","slug":"agnes-meszoly-re-cup","status":"publish","type":"product","link":"https:\/\/webszinhaz.com\/en\/product\/agnes-meszoly-re-cup\/","title":{"rendered":"\u00c1gnes M\u00e9sz\u00f6ly: RE-CUP"},"content":{"rendered":"<p><span style=\"font-weight: 400;\">Even the greatest geniuses have less successful works. Shakespeare is no exception. His <\/span><i><span style=\"font-weight: 400;\">The Merry Wives of Windsor <\/span><\/i><span style=\"font-weight: 400;\">doesn\u2019t even get close to the greatest of his plays, but Falstaff is no less eternal (less grand and tragic though) of a character than Romeo, Hamlet or any of his Richards. He\u2019s the character of the once successful everyman who once may have been powerful, but over time he\u2019d find himself increasingly insignificant and among the losers if he didn\u2019t lack self-reflection. There are Fallstaffs among us today clinging to either their former imagined or real greatness just like their predecessors of five hundred years before. Losers, we might say \u2013 but why didn&#8217;t they disappear inside the abyss of history?<\/span><\/p>\n<p><span style=\"font-weight: 400;\">In the 21st century, when it is increasingly embarrassing to grow old, when not the age of forty but sixty is the new thirty we tenaciously attach ourselves to the glory of our youth as the Falstaff feeling appears in many of us: we collect re-cups and do whatever we can to avoid facing the fact that this year&#8217;s festival is no longer our festival.<\/span><\/p>\n<p><br style=\"font-weight: 400;\" \/><br style=\"font-weight: 400;\" \/><\/p>\n","protected":false},"excerpt":{"rendered":"<p><span style=\"font-weight: 400;\">In the 21st century, when it is increasingly embarrassing to grow old, when not the age of forty but sixty is the new thirty we tenaciously attach ourselves to the glory of our youth as the Falstaff feeling appears in many of us.<\/span><\/p>\n","protected":false},"featured_media":5161,"template":"","meta":{"_acf_changed":false},"product_brand":[],"product_cat":[60,61,98],"product_tag":[112],"class_list":{"0":"post-6036","1":"product","2":"type-product","3":"status-publish","4":"has-post-thumbnail","6":"product_cat-movies","7":"product_cat-sh37-en","8":"product_cat-sh37-festival-3-en","9":"product_tag-en-en","11":"first","12":"instock","13":"sold-individually","14":"taxable","15":"shipping-taxable","16":"purchasable","17":"product-type-simple"},"acf":[],"yoast_head":"<!-- This site is optimized with the Yoast SEO Premium plugin v27.4 (Yoast SEO v27.4) - https:\/\/yoast.com\/product\/yoast-seo-premium-wordpress\/ -->\n<title>\u00c1gnes M\u00e9sz\u00f6ly: RE-CUP - Webszinh\u00e1z<\/title>\n<meta name=\"robots\" content=\"index, follow, max-snippet:-1, max-image-preview:large, max-video-preview:-1\" \/>\n<link rel=\"canonical\" href=\"https:\/\/webszinhaz.com\/en\/product\/agnes-meszoly-re-cup\/\" \/>\n<meta property=\"og:locale\" content=\"en_US\" \/>\n<meta property=\"og:type\" content=\"article\" \/>\n<meta property=\"og:title\" content=\"\u00c1gnes M\u00e9sz\u00f6ly: RE-CUP\" \/>\n<meta property=\"og:description\" content=\"In the 21st century, when it is increasingly embarrassing to grow old, when not the age of forty but sixty is the new thirty we tenaciously attach ourselves to the glory of our youth as the Falstaff feeling appears in many of us.\" \/>\n<meta property=\"og:url\" content=\"https:\/\/webszinhaz.com\/en\/product\/agnes-meszoly-re-cup\/\" \/>\n<meta property=\"og:site_name\" content=\"Webszinh\u00e1z\" \/>\n<meta property=\"article:modified_time\" content=\"2025-01-21T13:58:27+00:00\" \/>\n<meta property=\"og:image\" content=\"https:\/\/webszinhaz.com\/wp-content\/uploads\/2024\/08\/REPOHAR_STILL_1.4.7-scaled.jpg\" \/>\n\t<meta property=\"og:image:width\" content=\"2560\" \/>\n\t<meta property=\"og:image:height\" content=\"1440\" \/>\n\t<meta property=\"og:image:type\" content=\"image\/jpeg\" \/>\n<meta name=\"twitter:card\" content=\"summary_large_image\" \/>\n<meta name=\"twitter:label1\" content=\"Price\" \/>\n\t<meta name=\"twitter:data1\" content=\"800&nbsp;&#070;&#116;\" \/>\n\t<meta name=\"twitter:label2\" content=\"Availability\" \/>\n\t<meta name=\"twitter:data2\" content=\"In stock\" \/>\n<script type=\"application\/ld+json\" class=\"yoast-schema-graph\">{\"@context\":\"https:\\\/\\\/schema.org\",\"@graph\":[{\"@type\":\"WebPage\",\"@id\":\"https:\\\/\\\/webszinhaz.com\\\/en\\\/product\\\/agnes-meszoly-re-cup\\\/\",\"url\":\"https:\\\/\\\/webszinhaz.com\\\/en\\\/product\\\/agnes-meszoly-re-cup\\\/\",\"name\":\"\u00c1gnes M\u00e9sz\u00f6ly: RE-CUP - Webszinh\u00e1z\",\"isPartOf\":{\"@id\":\"https:\\\/\\\/webszinhaz.com\\\/en\\\/#website\"},\"primaryImageOfPage\":{\"@id\":\"https:\\\/\\\/webszinhaz.com\\\/en\\\/product\\\/agnes-meszoly-re-cup\\\/#primaryimage\"},\"image\":{\"@id\":\"https:\\\/\\\/webszinhaz.com\\\/en\\\/product\\\/agnes-meszoly-re-cup\\\/#primaryimage\"},\"thumbnailUrl\":\"https:\\\/\\\/webszinhaz.com\\\/wp-content\\\/uploads\\\/2024\\\/08\\\/REPOHAR_STILL_1.4.7-scaled.jpg\",\"datePublished\":\"2024-09-16T10:01:00+00:00\",\"dateModified\":\"2025-01-21T13:58:27+00:00\",\"breadcrumb\":{\"@id\":\"https:\\\/\\\/webszinhaz.com\\\/en\\\/product\\\/agnes-meszoly-re-cup\\\/#breadcrumb\"},\"inLanguage\":\"en-US\",\"potentialAction\":[{\"@type\":\"ReadAction\",\"target\":[\"https:\\\/\\\/webszinhaz.com\\\/en\\\/product\\\/agnes-meszoly-re-cup\\\/\"]}]},{\"@type\":\"ImageObject\",\"inLanguage\":\"en-US\",\"@id\":\"https:\\\/\\\/webszinhaz.com\\\/en\\\/product\\\/agnes-meszoly-re-cup\\\/#primaryimage\",\"url\":\"https:\\\/\\\/webszinhaz.com\\\/wp-content\\\/uploads\\\/2024\\\/08\\\/REPOHAR_STILL_1.4.7-scaled.jpg\",\"contentUrl\":\"https:\\\/\\\/webszinhaz.com\\\/wp-content\\\/uploads\\\/2024\\\/08\\\/REPOHAR_STILL_1.4.7-scaled.jpg\",\"width\":2560,\"height\":1440},{\"@type\":\"BreadcrumbList\",\"@id\":\"https:\\\/\\\/webszinhaz.com\\\/en\\\/product\\\/agnes-meszoly-re-cup\\\/#breadcrumb\",\"itemListElement\":[{\"@type\":\"ListItem\",\"position\":1,\"name\":\"Kezd\u0151lap\",\"item\":\"https:\\\/\\\/webszinhaz.com\\\/en\\\/\"},{\"@type\":\"ListItem\",\"position\":2,\"name\":\"Shop\",\"item\":\"https:\\\/\\\/webszinhaz.com\\\/en\\\/shop\\\/\"},{\"@type\":\"ListItem\",\"position\":3,\"name\":\"\u00c1gnes M\u00e9sz\u00f6ly: RE-CUP\"}]},{\"@type\":\"WebSite\",\"@id\":\"https:\\\/\\\/webszinhaz.com\\\/en\\\/#website\",\"url\":\"https:\\\/\\\/webszinhaz.com\\\/en\\\/\",\"name\":\"Webszinh\u00e1z\",\"description\":\"Nincsenek hat\u00e1rok\",\"publisher\":{\"@id\":\"https:\\\/\\\/webszinhaz.com\\\/en\\\/#organization\"},\"potentialAction\":[{\"@type\":\"SearchAction\",\"target\":{\"@type\":\"EntryPoint\",\"urlTemplate\":\"https:\\\/\\\/webszinhaz.com\\\/en\\\/?s={search_term_string}\"},\"query-input\":{\"@type\":\"PropertyValueSpecification\",\"valueRequired\":true,\"valueName\":\"search_term_string\"}}],\"inLanguage\":\"en-US\"},{\"@type\":\"Organization\",\"@id\":\"https:\\\/\\\/webszinhaz.com\\\/en\\\/#organization\",\"name\":\"Webszinh\u00e1z\",\"url\":\"https:\\\/\\\/webszinhaz.com\\\/en\\\/\",\"logo\":{\"@type\":\"ImageObject\",\"inLanguage\":\"en-US\",\"@id\":\"https:\\\/\\\/webszinhaz.com\\\/en\\\/#\\\/schema\\\/logo\\\/image\\\/\",\"url\":\"https:\\\/\\\/webszinhaz.com\\\/wp-content\\\/uploads\\\/2022\\\/01\\\/WEBSZINHAZLOGO_WEBSZ_grey_white-1.png\",\"contentUrl\":\"https:\\\/\\\/webszinhaz.com\\\/wp-content\\\/uploads\\\/2022\\\/01\\\/WEBSZINHAZLOGO_WEBSZ_grey_white-1.png\",\"width\":141,\"height\":70,\"caption\":\"Webszinh\u00e1z\"},\"image\":{\"@id\":\"https:\\\/\\\/webszinhaz.com\\\/en\\\/#\\\/schema\\\/logo\\\/image\\\/\"}}]}<\/script>\n<meta property=\"product:price:amount\" content=\"800\" \/>\n<meta property=\"product:price:currency\" content=\"HUF\" \/>\n<meta property=\"og:availability\" content=\"instock\" \/>\n<meta property=\"product:availability\" content=\"instock\" \/>\n<meta property=\"product:condition\" content=\"new\" \/>\n<!-- \/ Yoast SEO Premium plugin. -->","yoast_head_json":{"title":"\u00c1gnes M\u00e9sz\u00f6ly: RE-CUP - Webszinh\u00e1z","robots":{"index":"index","follow":"follow","max-snippet":"max-snippet:-1","max-image-preview":"max-image-preview:large","max-video-preview":"max-video-preview:-1"},"canonical":"https:\/\/webszinhaz.com\/en\/product\/agnes-meszoly-re-cup\/","og_locale":"en_US","og_type":"article","og_title":"\u00c1gnes M\u00e9sz\u00f6ly: RE-CUP","og_description":"In the 21st century, when it is increasingly embarrassing to grow old, when not the age of forty but sixty is the new thirty we tenaciously attach ourselves to the glory of our youth as the Falstaff feeling appears in many of us.","og_url":"https:\/\/webszinhaz.com\/en\/product\/agnes-meszoly-re-cup\/","og_site_name":"Webszinh\u00e1z","article_modified_time":"2025-01-21T13:58:27+00:00","og_image":[{"width":2560,"height":1440,"url":"https:\/\/webszinhaz.com\/wp-content\/uploads\/2024\/08\/REPOHAR_STILL_1.4.7-scaled.jpg","type":"image\/jpeg"}],"twitter_card":"summary_large_image","twitter_misc":{"Price":"800&nbsp;&#70;&#116;","Availability":"In stock"},"schema":{"@context":"https:\/\/schema.org","@graph":[{"@type":"WebPage","@id":"https:\/\/webszinhaz.com\/en\/product\/agnes-meszoly-re-cup\/","url":"https:\/\/webszinhaz.com\/en\/product\/agnes-meszoly-re-cup\/","name":"\u00c1gnes M\u00e9sz\u00f6ly: RE-CUP - Webszinh\u00e1z","isPartOf":{"@id":"https:\/\/webszinhaz.com\/en\/#website"},"primaryImageOfPage":{"@id":"https:\/\/webszinhaz.com\/en\/product\/agnes-meszoly-re-cup\/#primaryimage"},"image":{"@id":"https:\/\/webszinhaz.com\/en\/product\/agnes-meszoly-re-cup\/#primaryimage"},"thumbnailUrl":"https:\/\/webszinhaz.com\/wp-content\/uploads\/2024\/08\/REPOHAR_STILL_1.4.7-scaled.jpg","datePublished":"2024-09-16T10:01:00+00:00","dateModified":"2025-01-21T13:58:27+00:00","breadcrumb":{"@id":"https:\/\/webszinhaz.com\/en\/product\/agnes-meszoly-re-cup\/#breadcrumb"},"inLanguage":"en-US","potentialAction":[{"@type":"ReadAction","target":["https:\/\/webszinhaz.com\/en\/product\/agnes-meszoly-re-cup\/"]}]},{"@type":"ImageObject","inLanguage":"en-US","@id":"https:\/\/webszinhaz.com\/en\/product\/agnes-meszoly-re-cup\/#primaryimage","url":"https:\/\/webszinhaz.com\/wp-content\/uploads\/2024\/08\/REPOHAR_STILL_1.4.7-scaled.jpg","contentUrl":"https:\/\/webszinhaz.com\/wp-content\/uploads\/2024\/08\/REPOHAR_STILL_1.4.7-scaled.jpg","width":2560,"height":1440},{"@type":"BreadcrumbList","@id":"https:\/\/webszinhaz.com\/en\/product\/agnes-meszoly-re-cup\/#breadcrumb","itemListElement":[{"@type":"ListItem","position":1,"name":"Kezd\u0151lap","item":"https:\/\/webszinhaz.com\/en\/"},{"@type":"ListItem","position":2,"name":"Shop","item":"https:\/\/webszinhaz.com\/en\/shop\/"},{"@type":"ListItem","position":3,"name":"\u00c1gnes M\u00e9sz\u00f6ly: RE-CUP"}]},{"@type":"WebSite","@id":"https:\/\/webszinhaz.com\/en\/#website","url":"https:\/\/webszinhaz.com\/en\/","name":"Webszinh\u00e1z","description":"Nincsenek hat\u00e1rok","publisher":{"@id":"https:\/\/webszinhaz.com\/en\/#organization"},"potentialAction":[{"@type":"SearchAction","target":{"@type":"EntryPoint","urlTemplate":"https:\/\/webszinhaz.com\/en\/?s={search_term_string}"},"query-input":{"@type":"PropertyValueSpecification","valueRequired":true,"valueName":"search_term_string"}}],"inLanguage":"en-US"},{"@type":"Organization","@id":"https:\/\/webszinhaz.com\/en\/#organization","name":"Webszinh\u00e1z","url":"https:\/\/webszinhaz.com\/en\/","logo":{"@type":"ImageObject","inLanguage":"en-US","@id":"https:\/\/webszinhaz.com\/en\/#\/schema\/logo\/image\/","url":"https:\/\/webszinhaz.com\/wp-content\/uploads\/2022\/01\/WEBSZINHAZLOGO_WEBSZ_grey_white-1.png","contentUrl":"https:\/\/webszinhaz.com\/wp-content\/uploads\/2022\/01\/WEBSZINHAZLOGO_WEBSZ_grey_white-1.png","width":141,"height":70,"caption":"Webszinh\u00e1z"},"image":{"@id":"https:\/\/webszinhaz.com\/en\/#\/schema\/logo\/image\/"}}]},"product_price_amount":"800","product_price_currency":"HUF","og_availability":"instock","product_availability":"instock","product_condition":"new"},"_links":{"self":[{"href":"https:\/\/webszinhaz.com\/en\/wp-json\/wp\/v2\/product\/6036","targetHints":{"allow":["GET"]}}],"collection":[{"href":"https:\/\/webszinhaz.com\/en\/wp-json\/wp\/v2\/product"}],"about":[{"href":"https:\/\/webszinhaz.com\/en\/wp-json\/wp\/v2\/types\/product"}],"version-history":[{"count":0,"href":"https:\/\/webszinhaz.com\/en\/wp-json\/wp\/v2\/product\/6036\/revisions"}],"wp:featuredmedia":[{"embeddable":true,"href":"https:\/\/webszinhaz.com\/en\/wp-json\/wp\/v2\/media\/5161"}],"wp:attachment":[{"href":"https:\/\/webszinhaz.com\/en\/wp-json\/wp\/v2\/media?parent=6036"}],"wp:term":[{"taxonomy":"product_brand","embeddable":true,"href":"https:\/\/webszinhaz.com\/en\/wp-json\/wp\/v2\/product_brand?post=6036"},{"taxonomy":"product_cat","embeddable":true,"href":"https:\/\/webszinhaz.com\/en\/wp-json\/wp\/v2\/product_cat?post=6036"},{"taxonomy":"product_tag","embeddable":true,"href":"https:\/\/webszinhaz.com\/en\/wp-json\/wp\/v2\/product_tag?post=6036"}],"curies":[{"name":"wp","href":"https:\/\/api.w.org\/{rel}","templated":true}]}}