{"id":6068,"date":"2024-09-15T15:13:13","date_gmt":"2024-09-15T15:13:13","guid":{"rendered":"https:\/\/webszinhaz.com\/termek\/istvan-mohacsi-c1g-part-i-en\/"},"modified":"2025-01-22T13:27:21","modified_gmt":"2025-01-22T13:27:21","slug":"istvan-mohacsi-c1g-part-i-en","status":"publish","type":"product","link":"https:\/\/webszinhaz.com\/en\/product\/istvan-mohacsi-c1g-part-i-en\/","title":{"rendered":"Istv\u00e1n Moh\u00e1csi &#8211; C1G part I. &#8211; EN"},"content":{"rendered":"<p><span style=\"font-weight: 400;\">Is it acceptable to kill a free person? No, but what about killing a dictator? True, he destroys a nation, but the dictator is still human, right? Fine, let\u2019s say it\u2019s okay, but then won\u2019t they kick me out of the gym? And what will that super hot one think about it, I&#8217;ve been making eye contat every morning at the caf\u00e9? Is murder sexy \u2014 or not? So, is the nation more important, or the survival of the species? And generally speaking, before killing a dictator, is it proper to turn off the phone, or is silent mode enough?<\/span><\/p>\n<p><br style=\"font-weight: 400;\" \/><br style=\"font-weight: 400;\" \/><\/p>\n","protected":false},"excerpt":{"rendered":"<p><span style=\"font-weight: 400;\">Is it acceptable to kill a free person? No, but what about killing a dictator?<\/span><\/p>\n","protected":false},"featured_media":5448,"template":"","meta":{"_acf_changed":false},"product_brand":[],"product_cat":[60,61,98],"product_tag":[112],"class_list":{"0":"post-6068","1":"product","2":"type-product","3":"status-publish","4":"has-post-thumbnail","6":"product_cat-movies","7":"product_cat-sh37-en","8":"product_cat-sh37-festival-3-en","9":"product_tag-en-en","11":"first","12":"instock","13":"sold-individually","14":"taxable","15":"shipping-taxable","16":"purchasable","17":"product-type-simple"},"acf":[],"yoast_head":"<!-- This site is optimized with the Yoast SEO Premium plugin v27.4 (Yoast SEO v27.4) - https:\/\/yoast.com\/product\/yoast-seo-premium-wordpress\/ -->\n<title>Istv\u00e1n Moh\u00e1csi - C1G part I. - EN - Webszinh\u00e1z<\/title>\n<meta name=\"robots\" content=\"index, follow, max-snippet:-1, max-image-preview:large, max-video-preview:-1\" \/>\n<link rel=\"canonical\" href=\"https:\/\/webszinhaz.com\/en\/product\/istvan-mohacsi-c1g-part-i-en\/\" \/>\n<meta property=\"og:locale\" content=\"en_US\" \/>\n<meta property=\"og:type\" content=\"article\" \/>\n<meta property=\"og:title\" content=\"Istv\u00e1n Moh\u00e1csi - C1G part I. - EN\" \/>\n<meta property=\"og:description\" content=\"Is it acceptable to kill a free person? No, but what about killing a dictator?\" \/>\n<meta property=\"og:url\" content=\"https:\/\/webszinhaz.com\/en\/product\/istvan-mohacsi-c1g-part-i-en\/\" \/>\n<meta property=\"og:site_name\" content=\"Webszinh\u00e1z\" \/>\n<meta property=\"article:modified_time\" content=\"2025-01-22T13:27:21+00:00\" \/>\n<meta property=\"og:image\" content=\"https:\/\/webszinhaz.com\/wp-content\/uploads\/2024\/09\/C1G_P01_STILL_1.24.11-scaled.jpg\" \/>\n\t<meta property=\"og:image:width\" content=\"2560\" \/>\n\t<meta property=\"og:image:height\" content=\"1440\" \/>\n\t<meta property=\"og:image:type\" content=\"image\/jpeg\" \/>\n<meta name=\"twitter:card\" content=\"summary_large_image\" \/>\n<meta name=\"twitter:label1\" content=\"Price\" \/>\n\t<meta name=\"twitter:data1\" content=\"800&nbsp;&#070;&#116;\" \/>\n\t<meta name=\"twitter:label2\" content=\"Availability\" \/>\n\t<meta name=\"twitter:data2\" content=\"In stock\" \/>\n<script type=\"application\/ld+json\" class=\"yoast-schema-graph\">{\"@context\":\"https:\\\/\\\/schema.org\",\"@graph\":[{\"@type\":\"WebPage\",\"@id\":\"https:\\\/\\\/webszinhaz.com\\\/en\\\/product\\\/istvan-mohacsi-c1g-part-i-en\\\/\",\"url\":\"https:\\\/\\\/webszinhaz.com\\\/en\\\/product\\\/istvan-mohacsi-c1g-part-i-en\\\/\",\"name\":\"Istv\u00e1n Moh\u00e1csi - C1G part I. - EN - Webszinh\u00e1z\",\"isPartOf\":{\"@id\":\"https:\\\/\\\/webszinhaz.com\\\/en\\\/#website\"},\"primaryImageOfPage\":{\"@id\":\"https:\\\/\\\/webszinhaz.com\\\/en\\\/product\\\/istvan-mohacsi-c1g-part-i-en\\\/#primaryimage\"},\"image\":{\"@id\":\"https:\\\/\\\/webszinhaz.com\\\/en\\\/product\\\/istvan-mohacsi-c1g-part-i-en\\\/#primaryimage\"},\"thumbnailUrl\":\"https:\\\/\\\/webszinhaz.com\\\/wp-content\\\/uploads\\\/2024\\\/09\\\/C1G_P01_STILL_1.24.11-scaled.jpg\",\"datePublished\":\"2024-09-15T15:13:13+00:00\",\"dateModified\":\"2025-01-22T13:27:21+00:00\",\"breadcrumb\":{\"@id\":\"https:\\\/\\\/webszinhaz.com\\\/en\\\/product\\\/istvan-mohacsi-c1g-part-i-en\\\/#breadcrumb\"},\"inLanguage\":\"en-US\",\"potentialAction\":[{\"@type\":\"ReadAction\",\"target\":[\"https:\\\/\\\/webszinhaz.com\\\/en\\\/product\\\/istvan-mohacsi-c1g-part-i-en\\\/\"]}]},{\"@type\":\"ImageObject\",\"inLanguage\":\"en-US\",\"@id\":\"https:\\\/\\\/webszinhaz.com\\\/en\\\/product\\\/istvan-mohacsi-c1g-part-i-en\\\/#primaryimage\",\"url\":\"https:\\\/\\\/webszinhaz.com\\\/wp-content\\\/uploads\\\/2024\\\/09\\\/C1G_P01_STILL_1.24.11-scaled.jpg\",\"contentUrl\":\"https:\\\/\\\/webszinhaz.com\\\/wp-content\\\/uploads\\\/2024\\\/09\\\/C1G_P01_STILL_1.24.11-scaled.jpg\",\"width\":2560,\"height\":1440},{\"@type\":\"BreadcrumbList\",\"@id\":\"https:\\\/\\\/webszinhaz.com\\\/en\\\/product\\\/istvan-mohacsi-c1g-part-i-en\\\/#breadcrumb\",\"itemListElement\":[{\"@type\":\"ListItem\",\"position\":1,\"name\":\"Kezd\u0151lap\",\"item\":\"https:\\\/\\\/webszinhaz.com\\\/en\\\/\"},{\"@type\":\"ListItem\",\"position\":2,\"name\":\"Shop\",\"item\":\"https:\\\/\\\/webszinhaz.com\\\/en\\\/shop\\\/\"},{\"@type\":\"ListItem\",\"position\":3,\"name\":\"Istv\u00e1n Moh\u00e1csi &#8211; C1G part I. &#8211; EN\"}]},{\"@type\":\"WebSite\",\"@id\":\"https:\\\/\\\/webszinhaz.com\\\/en\\\/#website\",\"url\":\"https:\\\/\\\/webszinhaz.com\\\/en\\\/\",\"name\":\"Webszinh\u00e1z\",\"description\":\"Nincsenek hat\u00e1rok\",\"publisher\":{\"@id\":\"https:\\\/\\\/webszinhaz.com\\\/en\\\/#organization\"},\"potentialAction\":[{\"@type\":\"SearchAction\",\"target\":{\"@type\":\"EntryPoint\",\"urlTemplate\":\"https:\\\/\\\/webszinhaz.com\\\/en\\\/?s={search_term_string}\"},\"query-input\":{\"@type\":\"PropertyValueSpecification\",\"valueRequired\":true,\"valueName\":\"search_term_string\"}}],\"inLanguage\":\"en-US\"},{\"@type\":\"Organization\",\"@id\":\"https:\\\/\\\/webszinhaz.com\\\/en\\\/#organization\",\"name\":\"Webszinh\u00e1z\",\"url\":\"https:\\\/\\\/webszinhaz.com\\\/en\\\/\",\"logo\":{\"@type\":\"ImageObject\",\"inLanguage\":\"en-US\",\"@id\":\"https:\\\/\\\/webszinhaz.com\\\/en\\\/#\\\/schema\\\/logo\\\/image\\\/\",\"url\":\"https:\\\/\\\/webszinhaz.com\\\/wp-content\\\/uploads\\\/2022\\\/01\\\/WEBSZINHAZLOGO_WEBSZ_grey_white-1.png\",\"contentUrl\":\"https:\\\/\\\/webszinhaz.com\\\/wp-content\\\/uploads\\\/2022\\\/01\\\/WEBSZINHAZLOGO_WEBSZ_grey_white-1.png\",\"width\":141,\"height\":70,\"caption\":\"Webszinh\u00e1z\"},\"image\":{\"@id\":\"https:\\\/\\\/webszinhaz.com\\\/en\\\/#\\\/schema\\\/logo\\\/image\\\/\"}}]}<\/script>\n<meta property=\"product:price:amount\" content=\"800\" \/>\n<meta property=\"product:price:currency\" content=\"HUF\" \/>\n<meta property=\"og:availability\" content=\"instock\" \/>\n<meta property=\"product:availability\" content=\"instock\" \/>\n<meta property=\"product:condition\" content=\"new\" \/>\n<!-- \/ Yoast SEO Premium plugin. -->","yoast_head_json":{"title":"Istv\u00e1n Moh\u00e1csi - C1G part I. - EN - Webszinh\u00e1z","robots":{"index":"index","follow":"follow","max-snippet":"max-snippet:-1","max-image-preview":"max-image-preview:large","max-video-preview":"max-video-preview:-1"},"canonical":"https:\/\/webszinhaz.com\/en\/product\/istvan-mohacsi-c1g-part-i-en\/","og_locale":"en_US","og_type":"article","og_title":"Istv\u00e1n Moh\u00e1csi - C1G part I. - EN","og_description":"Is it acceptable to kill a free person? No, but what about killing a dictator?","og_url":"https:\/\/webszinhaz.com\/en\/product\/istvan-mohacsi-c1g-part-i-en\/","og_site_name":"Webszinh\u00e1z","article_modified_time":"2025-01-22T13:27:21+00:00","og_image":[{"width":2560,"height":1440,"url":"https:\/\/webszinhaz.com\/wp-content\/uploads\/2024\/09\/C1G_P01_STILL_1.24.11-scaled.jpg","type":"image\/jpeg"}],"twitter_card":"summary_large_image","twitter_misc":{"Price":"800&nbsp;&#70;&#116;","Availability":"In stock"},"schema":{"@context":"https:\/\/schema.org","@graph":[{"@type":"WebPage","@id":"https:\/\/webszinhaz.com\/en\/product\/istvan-mohacsi-c1g-part-i-en\/","url":"https:\/\/webszinhaz.com\/en\/product\/istvan-mohacsi-c1g-part-i-en\/","name":"Istv\u00e1n Moh\u00e1csi - C1G part I. - EN - Webszinh\u00e1z","isPartOf":{"@id":"https:\/\/webszinhaz.com\/en\/#website"},"primaryImageOfPage":{"@id":"https:\/\/webszinhaz.com\/en\/product\/istvan-mohacsi-c1g-part-i-en\/#primaryimage"},"image":{"@id":"https:\/\/webszinhaz.com\/en\/product\/istvan-mohacsi-c1g-part-i-en\/#primaryimage"},"thumbnailUrl":"https:\/\/webszinhaz.com\/wp-content\/uploads\/2024\/09\/C1G_P01_STILL_1.24.11-scaled.jpg","datePublished":"2024-09-15T15:13:13+00:00","dateModified":"2025-01-22T13:27:21+00:00","breadcrumb":{"@id":"https:\/\/webszinhaz.com\/en\/product\/istvan-mohacsi-c1g-part-i-en\/#breadcrumb"},"inLanguage":"en-US","potentialAction":[{"@type":"ReadAction","target":["https:\/\/webszinhaz.com\/en\/product\/istvan-mohacsi-c1g-part-i-en\/"]}]},{"@type":"ImageObject","inLanguage":"en-US","@id":"https:\/\/webszinhaz.com\/en\/product\/istvan-mohacsi-c1g-part-i-en\/#primaryimage","url":"https:\/\/webszinhaz.com\/wp-content\/uploads\/2024\/09\/C1G_P01_STILL_1.24.11-scaled.jpg","contentUrl":"https:\/\/webszinhaz.com\/wp-content\/uploads\/2024\/09\/C1G_P01_STILL_1.24.11-scaled.jpg","width":2560,"height":1440},{"@type":"BreadcrumbList","@id":"https:\/\/webszinhaz.com\/en\/product\/istvan-mohacsi-c1g-part-i-en\/#breadcrumb","itemListElement":[{"@type":"ListItem","position":1,"name":"Kezd\u0151lap","item":"https:\/\/webszinhaz.com\/en\/"},{"@type":"ListItem","position":2,"name":"Shop","item":"https:\/\/webszinhaz.com\/en\/shop\/"},{"@type":"ListItem","position":3,"name":"Istv\u00e1n Moh\u00e1csi &#8211; C1G part I. &#8211; EN"}]},{"@type":"WebSite","@id":"https:\/\/webszinhaz.com\/en\/#website","url":"https:\/\/webszinhaz.com\/en\/","name":"Webszinh\u00e1z","description":"Nincsenek hat\u00e1rok","publisher":{"@id":"https:\/\/webszinhaz.com\/en\/#organization"},"potentialAction":[{"@type":"SearchAction","target":{"@type":"EntryPoint","urlTemplate":"https:\/\/webszinhaz.com\/en\/?s={search_term_string}"},"query-input":{"@type":"PropertyValueSpecification","valueRequired":true,"valueName":"search_term_string"}}],"inLanguage":"en-US"},{"@type":"Organization","@id":"https:\/\/webszinhaz.com\/en\/#organization","name":"Webszinh\u00e1z","url":"https:\/\/webszinhaz.com\/en\/","logo":{"@type":"ImageObject","inLanguage":"en-US","@id":"https:\/\/webszinhaz.com\/en\/#\/schema\/logo\/image\/","url":"https:\/\/webszinhaz.com\/wp-content\/uploads\/2022\/01\/WEBSZINHAZLOGO_WEBSZ_grey_white-1.png","contentUrl":"https:\/\/webszinhaz.com\/wp-content\/uploads\/2022\/01\/WEBSZINHAZLOGO_WEBSZ_grey_white-1.png","width":141,"height":70,"caption":"Webszinh\u00e1z"},"image":{"@id":"https:\/\/webszinhaz.com\/en\/#\/schema\/logo\/image\/"}}]},"product_price_amount":"800","product_price_currency":"HUF","og_availability":"instock","product_availability":"instock","product_condition":"new"},"_links":{"self":[{"href":"https:\/\/webszinhaz.com\/en\/wp-json\/wp\/v2\/product\/6068","targetHints":{"allow":["GET"]}}],"collection":[{"href":"https:\/\/webszinhaz.com\/en\/wp-json\/wp\/v2\/product"}],"about":[{"href":"https:\/\/webszinhaz.com\/en\/wp-json\/wp\/v2\/types\/product"}],"version-history":[{"count":0,"href":"https:\/\/webszinhaz.com\/en\/wp-json\/wp\/v2\/product\/6068\/revisions"}],"wp:featuredmedia":[{"embeddable":true,"href":"https:\/\/webszinhaz.com\/en\/wp-json\/wp\/v2\/media\/5448"}],"wp:attachment":[{"href":"https:\/\/webszinhaz.com\/en\/wp-json\/wp\/v2\/media?parent=6068"}],"wp:term":[{"taxonomy":"product_brand","embeddable":true,"href":"https:\/\/webszinhaz.com\/en\/wp-json\/wp\/v2\/product_brand?post=6068"},{"taxonomy":"product_cat","embeddable":true,"href":"https:\/\/webszinhaz.com\/en\/wp-json\/wp\/v2\/product_cat?post=6068"},{"taxonomy":"product_tag","embeddable":true,"href":"https:\/\/webszinhaz.com\/en\/wp-json\/wp\/v2\/product_tag?post=6068"}],"curies":[{"name":"wp","href":"https:\/\/api.w.org\/{rel}","templated":true}]}}