{"id":6225,"date":"2024-09-11T16:20:30","date_gmt":"2024-09-11T16:20:30","guid":{"rendered":"https:\/\/webszinhaz.com\/termek\/kristof-horvath-king-henry-the-sixth-1-3\/"},"modified":"2025-01-31T10:24:41","modified_gmt":"2025-01-31T10:24:41","slug":"kristof-horvath-king-henry-the-sixth-1-3","status":"publish","type":"product","link":"https:\/\/webszinhaz.com\/en\/product\/kristof-horvath-king-henry-the-sixth-1-3\/","title":{"rendered":"Krist\u00f3f Horv\u00e1th: King Henry the Sixth 1-3"},"content":{"rendered":"<p><span style=\"font-weight: 400;\">Shakespeare&#8217;s play in question hasn&#8217;t been staged much, and I confess I didn&#8217;t find it very readable either &#8211; but I knew from my first reading which scene I wanted to work with. Buckingham preparing for his own execution struck a chord of absurd despair in me. Why is it ridiculous to bargain with the unacceptable?<\/span><\/p>\n<p><br style=\"font-weight: 400;\" \/><br style=\"font-weight: 400;\" \/><\/p>\n","protected":false},"excerpt":{"rendered":"<p><span style=\"font-weight: 400;\">Shakespeare&#8217;s play in question hasn&#8217;t been staged much, and I confess I didn&#8217;t find it very readable either &#8211; but I knew from my first reading which scene I wanted to work with. Buckingham preparing for his own execution struck a chord of absurd despair in me. Why is it ridiculous to bargain with the unacceptable?<\/span><\/p>\n<p><br style=\"font-weight: 400;\" \/><br style=\"font-weight: 400;\" \/><\/p>\n","protected":false},"featured_media":5335,"template":"","meta":{"_acf_changed":false},"product_brand":[],"product_cat":[60,61,98],"product_tag":[112],"class_list":{"0":"post-6225","1":"product","2":"type-product","3":"status-publish","4":"has-post-thumbnail","6":"product_cat-movies","7":"product_cat-sh37-en","8":"product_cat-sh37-festival-3-en","9":"product_tag-en-en","11":"first","12":"instock","13":"sold-individually","14":"taxable","15":"shipping-taxable","16":"purchasable","17":"product-type-simple"},"acf":[],"yoast_head":"<!-- This site is optimized with the Yoast SEO Premium plugin v24.9 (Yoast SEO v24.9) - https:\/\/yoast.com\/wordpress\/plugins\/seo\/ -->\n<title>Krist\u00f3f Horv\u00e1th: King Henry the Sixth 1-3 - Webszinh\u00e1z<\/title>\n<meta name=\"robots\" content=\"index, follow, max-snippet:-1, max-image-preview:large, max-video-preview:-1\" \/>\n<link rel=\"canonical\" href=\"https:\/\/webszinhaz.com\/en\/product\/kristof-horvath-king-henry-the-sixth-1-3\/\" \/>\n<meta property=\"og:locale\" content=\"en_US\" \/>\n<meta property=\"og:type\" content=\"article\" \/>\n<meta property=\"og:title\" content=\"Krist\u00f3f Horv\u00e1th: King Henry the Sixth 1-3\" \/>\n<meta property=\"og:description\" content=\"Shakespeare&#039;s play in question hasn&#039;t been staged much, and I confess I didn&#039;t find it very readable either - but I knew from my first reading which scene I wanted to work with. Buckingham preparing for his own execution struck a chord of absurd despair in me. Why is it ridiculous to bargain with the unacceptable?\" \/>\n<meta property=\"og:url\" content=\"https:\/\/webszinhaz.com\/en\/product\/kristof-horvath-king-henry-the-sixth-1-3\/\" \/>\n<meta property=\"og:site_name\" content=\"Webszinh\u00e1z\" \/>\n<meta property=\"article:modified_time\" content=\"2025-01-31T10:24:41+00:00\" \/>\n<meta property=\"og:image\" content=\"https:\/\/webszinhaz.com\/wp-content\/uploads\/2024\/09\/VI_HENRIK_STILL__1.4.6.jpg\" \/>\n\t<meta property=\"og:image:width\" content=\"1920\" \/>\n\t<meta property=\"og:image:height\" content=\"1080\" \/>\n\t<meta property=\"og:image:type\" content=\"image\/jpeg\" \/>\n<meta name=\"twitter:card\" content=\"summary_large_image\" \/>\n<meta name=\"twitter:label1\" content=\"Price\" \/>\n\t<meta name=\"twitter:data1\" content=\"800&nbsp;&#070;&#116;\" \/>\n\t<meta name=\"twitter:label2\" content=\"Availability\" \/>\n\t<meta name=\"twitter:data2\" content=\"In stock\" \/>\n<script type=\"application\/ld+json\" class=\"yoast-schema-graph\">{\"@context\":\"https:\/\/schema.org\",\"@graph\":[{\"@type\":\"WebPage\",\"@id\":\"https:\/\/webszinhaz.com\/en\/product\/kristof-horvath-king-henry-the-sixth-1-3\/\",\"url\":\"https:\/\/webszinhaz.com\/en\/product\/kristof-horvath-king-henry-the-sixth-1-3\/\",\"name\":\"Krist\u00f3f Horv\u00e1th: King Henry the Sixth 1-3 - Webszinh\u00e1z\",\"isPartOf\":{\"@id\":\"https:\/\/webszinhaz.com\/en\/#website\"},\"primaryImageOfPage\":{\"@id\":\"https:\/\/webszinhaz.com\/en\/product\/kristof-horvath-king-henry-the-sixth-1-3\/#primaryimage\"},\"image\":{\"@id\":\"https:\/\/webszinhaz.com\/en\/product\/kristof-horvath-king-henry-the-sixth-1-3\/#primaryimage\"},\"thumbnailUrl\":\"https:\/\/webszinhaz.com\/wp-content\/uploads\/2024\/09\/VI_HENRIK_STILL__1.4.6.jpg\",\"datePublished\":\"2024-09-11T16:20:30+00:00\",\"dateModified\":\"2025-01-31T10:24:41+00:00\",\"breadcrumb\":{\"@id\":\"https:\/\/webszinhaz.com\/en\/product\/kristof-horvath-king-henry-the-sixth-1-3\/#breadcrumb\"},\"inLanguage\":\"en-US\",\"potentialAction\":[{\"@type\":\"ReadAction\",\"target\":[\"https:\/\/webszinhaz.com\/en\/product\/kristof-horvath-king-henry-the-sixth-1-3\/\"]}]},{\"@type\":\"ImageObject\",\"inLanguage\":\"en-US\",\"@id\":\"https:\/\/webszinhaz.com\/en\/product\/kristof-horvath-king-henry-the-sixth-1-3\/#primaryimage\",\"url\":\"https:\/\/webszinhaz.com\/wp-content\/uploads\/2024\/09\/VI_HENRIK_STILL__1.4.6.jpg\",\"contentUrl\":\"https:\/\/webszinhaz.com\/wp-content\/uploads\/2024\/09\/VI_HENRIK_STILL__1.4.6.jpg\",\"width\":1920,\"height\":1080},{\"@type\":\"BreadcrumbList\",\"@id\":\"https:\/\/webszinhaz.com\/en\/product\/kristof-horvath-king-henry-the-sixth-1-3\/#breadcrumb\",\"itemListElement\":[{\"@type\":\"ListItem\",\"position\":1,\"name\":\"Kezd\u0151lap\",\"item\":\"https:\/\/webszinhaz.com\/en\/\"},{\"@type\":\"ListItem\",\"position\":2,\"name\":\"Shop\",\"item\":\"https:\/\/webszinhaz.com\/en\/shop\/\"},{\"@type\":\"ListItem\",\"position\":3,\"name\":\"Krist\u00f3f Horv\u00e1th: King Henry the Sixth 1-3\"}]},{\"@type\":\"WebSite\",\"@id\":\"https:\/\/webszinhaz.com\/en\/#website\",\"url\":\"https:\/\/webszinhaz.com\/en\/\",\"name\":\"Webszinh\u00e1z\",\"description\":\"Nincsenek hat\u00e1rok\",\"publisher\":{\"@id\":\"https:\/\/webszinhaz.com\/en\/#organization\"},\"potentialAction\":[{\"@type\":\"SearchAction\",\"target\":{\"@type\":\"EntryPoint\",\"urlTemplate\":\"https:\/\/webszinhaz.com\/en\/?s={search_term_string}\"},\"query-input\":{\"@type\":\"PropertyValueSpecification\",\"valueRequired\":true,\"valueName\":\"search_term_string\"}}],\"inLanguage\":\"en-US\"},{\"@type\":\"Organization\",\"@id\":\"https:\/\/webszinhaz.com\/en\/#organization\",\"name\":\"Webszinh\u00e1z\",\"url\":\"https:\/\/webszinhaz.com\/en\/\",\"logo\":{\"@type\":\"ImageObject\",\"inLanguage\":\"en-US\",\"@id\":\"https:\/\/webszinhaz.com\/en\/#\/schema\/logo\/image\/\",\"url\":\"https:\/\/webszinhaz.com\/wp-content\/uploads\/2022\/01\/WEBSZINHAZLOGO_WEBSZ_grey_white-1.png\",\"contentUrl\":\"https:\/\/webszinhaz.com\/wp-content\/uploads\/2022\/01\/WEBSZINHAZLOGO_WEBSZ_grey_white-1.png\",\"width\":141,\"height\":70,\"caption\":\"Webszinh\u00e1z\"},\"image\":{\"@id\":\"https:\/\/webszinhaz.com\/en\/#\/schema\/logo\/image\/\"}}]}<\/script>\n<meta property=\"product:price:amount\" content=\"800\" \/>\n<meta property=\"product:price:currency\" content=\"HUF\" \/>\n<meta property=\"og:availability\" content=\"instock\" \/>\n<meta property=\"product:availability\" content=\"instock\" \/>\n<meta property=\"product:condition\" content=\"new\" \/>\n<!-- \/ Yoast SEO Premium plugin. -->","yoast_head_json":{"title":"Krist\u00f3f Horv\u00e1th: King Henry the Sixth 1-3 - Webszinh\u00e1z","robots":{"index":"index","follow":"follow","max-snippet":"max-snippet:-1","max-image-preview":"max-image-preview:large","max-video-preview":"max-video-preview:-1"},"canonical":"https:\/\/webszinhaz.com\/en\/product\/kristof-horvath-king-henry-the-sixth-1-3\/","og_locale":"en_US","og_type":"article","og_title":"Krist\u00f3f Horv\u00e1th: King Henry the Sixth 1-3","og_description":"Shakespeare's play in question hasn't been staged much, and I confess I didn't find it very readable either - but I knew from my first reading which scene I wanted to work with. Buckingham preparing for his own execution struck a chord of absurd despair in me. Why is it ridiculous to bargain with the unacceptable?","og_url":"https:\/\/webszinhaz.com\/en\/product\/kristof-horvath-king-henry-the-sixth-1-3\/","og_site_name":"Webszinh\u00e1z","article_modified_time":"2025-01-31T10:24:41+00:00","og_image":[{"width":1920,"height":1080,"url":"https:\/\/webszinhaz.com\/wp-content\/uploads\/2024\/09\/VI_HENRIK_STILL__1.4.6.jpg","type":"image\/jpeg"}],"twitter_card":"summary_large_image","twitter_misc":{"Price":"800&nbsp;&#70;&#116;","Availability":"In stock"},"schema":{"@context":"https:\/\/schema.org","@graph":[{"@type":"WebPage","@id":"https:\/\/webszinhaz.com\/en\/product\/kristof-horvath-king-henry-the-sixth-1-3\/","url":"https:\/\/webszinhaz.com\/en\/product\/kristof-horvath-king-henry-the-sixth-1-3\/","name":"Krist\u00f3f Horv\u00e1th: King Henry the Sixth 1-3 - Webszinh\u00e1z","isPartOf":{"@id":"https:\/\/webszinhaz.com\/en\/#website"},"primaryImageOfPage":{"@id":"https:\/\/webszinhaz.com\/en\/product\/kristof-horvath-king-henry-the-sixth-1-3\/#primaryimage"},"image":{"@id":"https:\/\/webszinhaz.com\/en\/product\/kristof-horvath-king-henry-the-sixth-1-3\/#primaryimage"},"thumbnailUrl":"https:\/\/webszinhaz.com\/wp-content\/uploads\/2024\/09\/VI_HENRIK_STILL__1.4.6.jpg","datePublished":"2024-09-11T16:20:30+00:00","dateModified":"2025-01-31T10:24:41+00:00","breadcrumb":{"@id":"https:\/\/webszinhaz.com\/en\/product\/kristof-horvath-king-henry-the-sixth-1-3\/#breadcrumb"},"inLanguage":"en-US","potentialAction":[{"@type":"ReadAction","target":["https:\/\/webszinhaz.com\/en\/product\/kristof-horvath-king-henry-the-sixth-1-3\/"]}]},{"@type":"ImageObject","inLanguage":"en-US","@id":"https:\/\/webszinhaz.com\/en\/product\/kristof-horvath-king-henry-the-sixth-1-3\/#primaryimage","url":"https:\/\/webszinhaz.com\/wp-content\/uploads\/2024\/09\/VI_HENRIK_STILL__1.4.6.jpg","contentUrl":"https:\/\/webszinhaz.com\/wp-content\/uploads\/2024\/09\/VI_HENRIK_STILL__1.4.6.jpg","width":1920,"height":1080},{"@type":"BreadcrumbList","@id":"https:\/\/webszinhaz.com\/en\/product\/kristof-horvath-king-henry-the-sixth-1-3\/#breadcrumb","itemListElement":[{"@type":"ListItem","position":1,"name":"Kezd\u0151lap","item":"https:\/\/webszinhaz.com\/en\/"},{"@type":"ListItem","position":2,"name":"Shop","item":"https:\/\/webszinhaz.com\/en\/shop\/"},{"@type":"ListItem","position":3,"name":"Krist\u00f3f Horv\u00e1th: King Henry the Sixth 1-3"}]},{"@type":"WebSite","@id":"https:\/\/webszinhaz.com\/en\/#website","url":"https:\/\/webszinhaz.com\/en\/","name":"Webszinh\u00e1z","description":"Nincsenek hat\u00e1rok","publisher":{"@id":"https:\/\/webszinhaz.com\/en\/#organization"},"potentialAction":[{"@type":"SearchAction","target":{"@type":"EntryPoint","urlTemplate":"https:\/\/webszinhaz.com\/en\/?s={search_term_string}"},"query-input":{"@type":"PropertyValueSpecification","valueRequired":true,"valueName":"search_term_string"}}],"inLanguage":"en-US"},{"@type":"Organization","@id":"https:\/\/webszinhaz.com\/en\/#organization","name":"Webszinh\u00e1z","url":"https:\/\/webszinhaz.com\/en\/","logo":{"@type":"ImageObject","inLanguage":"en-US","@id":"https:\/\/webszinhaz.com\/en\/#\/schema\/logo\/image\/","url":"https:\/\/webszinhaz.com\/wp-content\/uploads\/2022\/01\/WEBSZINHAZLOGO_WEBSZ_grey_white-1.png","contentUrl":"https:\/\/webszinhaz.com\/wp-content\/uploads\/2022\/01\/WEBSZINHAZLOGO_WEBSZ_grey_white-1.png","width":141,"height":70,"caption":"Webszinh\u00e1z"},"image":{"@id":"https:\/\/webszinhaz.com\/en\/#\/schema\/logo\/image\/"}}]},"product_price_amount":"800","product_price_currency":"HUF","og_availability":"instock","product_availability":"instock","product_condition":"new"},"_links":{"self":[{"href":"https:\/\/webszinhaz.com\/en\/wp-json\/wp\/v2\/product\/6225","targetHints":{"allow":["GET"]}}],"collection":[{"href":"https:\/\/webszinhaz.com\/en\/wp-json\/wp\/v2\/product"}],"about":[{"href":"https:\/\/webszinhaz.com\/en\/wp-json\/wp\/v2\/types\/product"}],"version-history":[{"count":0,"href":"https:\/\/webszinhaz.com\/en\/wp-json\/wp\/v2\/product\/6225\/revisions"}],"wp:featuredmedia":[{"embeddable":true,"href":"https:\/\/webszinhaz.com\/en\/wp-json\/wp\/v2\/media\/5335"}],"wp:attachment":[{"href":"https:\/\/webszinhaz.com\/en\/wp-json\/wp\/v2\/media?parent=6225"}],"wp:term":[{"taxonomy":"product_brand","embeddable":true,"href":"https:\/\/webszinhaz.com\/en\/wp-json\/wp\/v2\/product_brand?post=6225"},{"taxonomy":"product_cat","embeddable":true,"href":"https:\/\/webszinhaz.com\/en\/wp-json\/wp\/v2\/product_cat?post=6225"},{"taxonomy":"product_tag","embeddable":true,"href":"https:\/\/webszinhaz.com\/en\/wp-json\/wp\/v2\/product_tag?post=6225"}],"curies":[{"name":"wp","href":"https:\/\/api.w.org\/{rel}","templated":true}]}}